{"id":587,"date":"2023-06-13T08:43:44","date_gmt":"2023-06-13T06:43:44","guid":{"rendered":"https:\/\/prenergy.es\/activitat\/"},"modified":"2023-11-03T11:43:56","modified_gmt":"2023-11-03T10:43:56","slug":"activitat","status":"publish","type":"page","link":"https:\/\/prenergy.es\/ca\/activitat\/","title":{"rendered":"ACTIVITAT"},"content":{"rendered":"<section class=\"wpb-content-wrapper\"><p>[vc_row css_animation=&#8221;&#8221; row_type=&#8221;row&#8221; use_row_as_full_screen_section=&#8221;no&#8221; type=&#8221;full_width&#8221; angled_section=&#8221;no&#8221; text_align=&#8221;left&#8221; background_image_as_pattern=&#8221;without_pattern&#8221; css=&#8221;.vc_custom_1688714485324{background-color: #619a3e !important;}&#8221; z_index=&#8221;&#8221;][vc_column css=&#8221;.vc_custom_1688714467607{margin-top: 0px !important;margin-bottom: 0px !important;border-top-width: 0px !important;border-bottom-width: 0px !important;padding-top: 0px !important;padding-bottom: 0px !important;}&#8221;][vc_empty_space height=&#8221;50px&#8221;][\/vc_column][\/vc_row][vc_row css_animation=&#8221;&#8221; row_type=&#8221;row&#8221; use_row_as_full_screen_section=&#8221;no&#8221; type=&#8221;grid&#8221; angled_section=&#8221;no&#8221; text_align=&#8221;left&#8221; background_image_as_pattern=&#8221;without_pattern&#8221; z_index=&#8221;&#8221; css=&#8221;.vc_custom_1688714491159{background-color: #619a3e !important;}&#8221;][vc_column css=&#8221;.vc_custom_1688714473871{margin-top: 0px !important;margin-bottom: 0px !important;border-top-width: 0px !important;border-bottom-width: 0px !important;padding-top: 0px !important;padding-bottom: 0px !important;}&#8221;][vc_column_text]<\/p>\n<h4 style=\"text-align: center;\"><span style=\"color: #000000;\"><strong><img decoding=\"async\" src=\"https:\/\/www.rubau.com\/wp-content\/themes\/rubau\/img\/filet.png\"> ACTIVITAT <img decoding=\"async\" src=\"https:\/\/www.rubau.com\/wp-content\/themes\/rubau\/img\/filet.png\"><\/strong><\/span><\/h4>\n<p>[\/vc_column_text][vc_empty_space height=&#8221;40px&#8221;][\/vc_column][\/vc_row][vc_row css_animation=&#8221;&#8221; row_type=&#8221;row&#8221; use_row_as_full_screen_section=&#8221;no&#8221; type=&#8221;grid&#8221; angled_section=&#8221;no&#8221; text_align=&#8221;left&#8221; background_image_as_pattern=&#8221;without_pattern&#8221; z_index=&#8221;&#8221; css=&#8221;.vc_custom_1688714496844{background-color: #619a3e !important;}&#8221;][vc_column][qode_elements_holder background_color=&#8221;#f8c00b&#8221; number_of_columns=&#8221;four_columns&#8221;][qode_elements_holder_item vertical_alignment=&#8221;top&#8221; horizontal_alignment=&#8221;left&#8221; advanced_animations=&#8221;no&#8221; background_color=&#8221;#000000&#8243; item_padding=&#8221;0px 0px 0px 0px&#8221;][vc_single_image image=&#8221;205&#8243; img_size=&#8221;full&#8221; qode_css_animation=&#8221;&#8221; qode_hover_animation=&#8221;zoom_in&#8221;][vc_empty_space height=&#8221;25px&#8221;][vc_column_text css=&#8221;.vc_custom_1698937675135{padding-right: 10px !important;padding-left: 10px !important;}&#8221;]<\/p>\n<p style=\"text-align: left;\"><span style=\"color: #ffffff;\">Constru\u00efm instal\u00b7lacions pr\u00f2pies i per a tercers d&#8217;autoconsum solar i efici\u00e8ncia energ\u00e8tica (aerot\u00e8rmia, il\u00b7luminaci\u00f3, etc.). Desenvolupem tamb\u00e9 projectes de biog\u00e0s, biomassa i parcs solars.<\/span><\/p>\n<p><span style=\"color: #ffffff;\">Prenergy \u00e9s una empresa homologada del programa MES BARCELONA de l&#8217;Ajuntament de Barcelona, per impulsar la inversi\u00f3 privada i accelerar la transici\u00f3 energ\u00e8tica de la ciutat.<\/span>[\/vc_column_text][vc_empty_space height=&#8221;25px&#8221;][\/qode_elements_holder_item][qode_elements_holder_item vertical_alignment=&#8221;top&#8221; horizontal_alignment=&#8221;center&#8221; advanced_animations=&#8221;no&#8221; background_color=&#8221;#000000&#8243; item_padding=&#8221;0px 0px 0px 0px&#8221;][vc_single_image image=&#8221;44&#8243; img_size=&#8221;full&#8221; qode_css_animation=&#8221;&#8221; qode_hover_animation=&#8221;zoom_in&#8221;][vc_empty_space height=&#8221;25px&#8221;][vc_column_text css=&#8221;.vc_custom_1689247645825{padding-right: 10px !important;padding-left: 10px !important;}&#8221;]<\/p>\n<p style=\"text-align: left;\"><span style=\"color: #ffffff;\">Oferim l&#8217;assessorament dels nostres t\u00e8cnics per a l&#8217;optimitzaci\u00f3 de projectes amb garantia de resultats.<\/span><\/p>\n<p style=\"text-align: left;\"><span style=\"color: #ffffff;\">Tenim capacitat per subministrar i instal\u00b7lar els equips fotovoltaics d&#8217;autoconsum, individual o col\u00b7lectiu, amb excedents per a les comunitats de ve\u00efns, hotels, edificis d&#8217;oficines i industries, sense cost d&#8217;instal\u00b7laci\u00f3, estalvi m\u00ednim garantit i preus d&#8217;energia inferiors als del mercat.<\/span><\/p>\n<p>[\/vc_column_text][vc_empty_space height=&#8221;25px&#8221;][\/qode_elements_holder_item][qode_elements_holder_item vertical_alignment=&#8221;top&#8221; horizontal_alignment=&#8221;right&#8221; advanced_animations=&#8221;no&#8221; background_color=&#8221;#000000&#8243; item_padding=&#8221;0px 0px 0px 0px&#8221;][vc_single_image image=&#8221;42&#8243; img_size=&#8221;full&#8221; qode_css_animation=&#8221;&#8221; qode_hover_animation=&#8221;zoom_in&#8221;][vc_empty_space height=&#8221;25px&#8221;][vc_column_text css=&#8221;.vc_custom_1688714186828{padding-right: 10px !important;padding-left: 10px !important;}&#8221;]<\/p>\n<p style=\"text-align: left;\"><span style=\"color: #ffffff;\">Prove\u00efm instal\u00b7lacions de c\u00e0rrega per al vehicle el\u00e8ctric (electrolineras) amb tots els serveis associats per a la gesti\u00f3 i manteniment de la xarxa de punts de c\u00e0rrega.<\/span><\/p>\n<p>[\/vc_column_text][vc_empty_space height=&#8221;25px&#8221;][\/qode_elements_holder_item][qode_elements_holder_item vertical_alignment=&#8221;top&#8221; horizontal_alignment=&#8221;right&#8221; advanced_animations=&#8221;no&#8221; background_color=&#8221;#000000&#8243; item_padding=&#8221;0px 0px 0px 0px&#8221;][vc_single_image image=&#8221;371&#8243; img_size=&#8221;full&#8221; qode_css_animation=&#8221;&#8221; qode_hover_animation=&#8221;zoom_in&#8221;][vc_empty_space height=&#8221;25px&#8221;][vc_column_text css=&#8221;.vc_custom_1688714381958{padding-right: 10px !important;padding-left: 10px !important;}&#8221;]<\/p>\n<p style=\"text-align: left;\"><span style=\"color: #ffffff;\">Comptem amb una xarxa de prove\u00efdors de qualitat que ens aporten solucions a mida per a cada projecte: enginyeries de reconegut prestigi, comercialitzadores i tecn\u00f2legs en les \u00e0rees d&#8217;emmagatzematge, gesti\u00f3 intel\u00b7ligent de l&#8217;energia i nous models de negoci.<\/span><\/p>\n<p>[\/vc_column_text][vc_empty_space height=&#8221;25px&#8221;][\/qode_elements_holder_item][\/qode_elements_holder][\/vc_column][\/vc_row][vc_row css_animation=&#8221;&#8221; row_type=&#8221;row&#8221; use_row_as_full_screen_section=&#8221;no&#8221; type=&#8221;full_width&#8221; angled_section=&#8221;no&#8221; text_align=&#8221;left&#8221; background_image_as_pattern=&#8221;without_pattern&#8221; css=&#8221;.vc_custom_1688714508215{background-color: #619a3e !important;}&#8221; z_index=&#8221;&#8221;][vc_column][vc_empty_space height=&#8221;100px&#8221;][\/vc_column][\/vc_row]<\/p>\n<\/section>","protected":false},"excerpt":{"rendered":"<p>[vc_row css_animation=&#8221;&#8221; row_type=&#8221;row&#8221; use_row_as_full_screen_section=&#8221;no&#8221; type=&#8221;full_width&#8221; angled_section=&#8221;no&#8221; text_align=&#8221;left&#8221; background_image_as_pattern=&#8221;without_pattern&#8221; css=&#8221;.vc_custom_1688714485324{background-color: #619a3e !important;}&#8221; z_index=&#8221;&#8221;][vc_column css=&#8221;.vc_custom_1688714467607{margin-top: 0px !important;margin-bottom: 0px !important;border-top-width: 0px !important;border-bottom-width: 0px !important;padding-top: 0px !important;padding-bottom: 0px !important;}&#8221;][vc_empty_space height=&#8221;50px&#8221;][\/vc_column][\/vc_row][vc_row css_animation=&#8221;&#8221; row_type=&#8221;row&#8221; use_row_as_full_screen_section=&#8221;no&#8221; type=&#8221;grid&#8221; angled_section=&#8221;no&#8221; text_align=&#8221;left&#8221; background_image_as_pattern=&#8221;without_pattern&#8221; z_index=&#8221;&#8221; css=&#8221;.vc_custom_1688714491159{background-color: #619a3e !important;}&#8221;][vc_column css=&#8221;.vc_custom_1688714473871{margin-top: 0px !important;margin-bottom: 0px !important;border-top-width: 0px !important;border-bottom-width: 0px&#8230;<\/p>\n","protected":false},"author":1,"featured_media":515,"parent":0,"menu_order":0,"comment_status":"closed","ping_status":"closed","template":"full_width.php","meta":{"footnotes":""},"class_list":["post-587","page","type-page","status-publish","has-post-thumbnail","hentry"],"yoast_head":"<!-- This site is optimized with the Yoast SEO plugin v27.2 - https:\/\/yoast.com\/product\/yoast-seo-wordpress\/ -->\n<title>ACTIVITAT - PRENERGY<\/title>\n<meta name=\"description\" content=\"Construimos instalaciones propias y para terceros de autoconsumo solar, eficiencia energ\u00e9tica (aerotermia, iluminaci\u00f3n, etc.).\" \/>\n<meta name=\"robots\" content=\"index, follow, max-snippet:-1, max-image-preview:large, max-video-preview:-1\" \/>\n<link rel=\"canonical\" href=\"https:\/\/prenergy.es\/ca\/activitat\/\" \/>\n<meta property=\"og:locale\" content=\"ca_ES\" \/>\n<meta property=\"og:type\" content=\"article\" \/>\n<meta property=\"og:title\" content=\"ACTIVITAT - PRENERGY\" \/>\n<meta property=\"og:description\" content=\"Construimos instalaciones propias y para terceros de autoconsumo solar, eficiencia energ\u00e9tica (aerotermia, iluminaci\u00f3n, etc.).\" \/>\n<meta property=\"og:url\" content=\"https:\/\/prenergy.es\/ca\/activitat\/\" \/>\n<meta property=\"og:site_name\" content=\"PRENERGY\" \/>\n<meta property=\"article:modified_time\" content=\"2023-11-03T10:43:56+00:00\" \/>\n<meta property=\"og:image\" content=\"https:\/\/prenergy.es\/wp-content\/uploads\/2023\/06\/Secciones-Prenergy_Mesa-de-trabajo-1-copia.jpg\" \/>\n\t<meta property=\"og:image:width\" content=\"568\" \/>\n\t<meta property=\"og:image:height\" content=\"567\" \/>\n\t<meta property=\"og:image:type\" content=\"image\/jpeg\" \/>\n<meta name=\"twitter:card\" content=\"summary_large_image\" \/>\n<meta name=\"twitter:label1\" content=\"Temps estimat de lectura\" \/>\n\t<meta name=\"twitter:data1\" content=\"4 minuts\" \/>\n<script type=\"application\/ld+json\" class=\"yoast-schema-graph\">{\"@context\":\"https:\/\/schema.org\",\"@graph\":[{\"@type\":\"WebPage\",\"@id\":\"https:\/\/prenergy.es\/ca\/activitat\/\",\"url\":\"https:\/\/prenergy.es\/ca\/activitat\/\",\"name\":\"ACTIVITAT - PRENERGY\",\"isPartOf\":{\"@id\":\"https:\/\/prenergy.es\/ca\/#website\"},\"primaryImageOfPage\":{\"@id\":\"https:\/\/prenergy.es\/ca\/activitat\/#primaryimage\"},\"image\":{\"@id\":\"https:\/\/prenergy.es\/ca\/activitat\/#primaryimage\"},\"thumbnailUrl\":\"https:\/\/prenergy.es\/wp-content\/uploads\/2023\/06\/Secciones-Prenergy_Mesa-de-trabajo-1-copia.jpg\",\"datePublished\":\"2023-06-13T06:43:44+00:00\",\"dateModified\":\"2023-11-03T10:43:56+00:00\",\"description\":\"Construimos instalaciones propias y para terceros de autoconsumo solar, eficiencia energ\u00e9tica (aerotermia, iluminaci\u00f3n, etc.).\",\"breadcrumb\":{\"@id\":\"https:\/\/prenergy.es\/ca\/activitat\/#breadcrumb\"},\"inLanguage\":\"ca\",\"potentialAction\":[{\"@type\":\"ReadAction\",\"target\":[\"https:\/\/prenergy.es\/ca\/activitat\/\"]}]},{\"@type\":\"ImageObject\",\"inLanguage\":\"ca\",\"@id\":\"https:\/\/prenergy.es\/ca\/activitat\/#primaryimage\",\"url\":\"https:\/\/prenergy.es\/wp-content\/uploads\/2023\/06\/Secciones-Prenergy_Mesa-de-trabajo-1-copia.jpg\",\"contentUrl\":\"https:\/\/prenergy.es\/wp-content\/uploads\/2023\/06\/Secciones-Prenergy_Mesa-de-trabajo-1-copia.jpg\",\"width\":568,\"height\":567},{\"@type\":\"BreadcrumbList\",\"@id\":\"https:\/\/prenergy.es\/ca\/activitat\/#breadcrumb\",\"itemListElement\":[{\"@type\":\"ListItem\",\"position\":1,\"name\":\"Portada\",\"item\":\"https:\/\/prenergy.es\/ca\/\"},{\"@type\":\"ListItem\",\"position\":2,\"name\":\"ACTIVITAT\"}]},{\"@type\":\"WebSite\",\"@id\":\"https:\/\/prenergy.es\/ca\/#website\",\"url\":\"https:\/\/prenergy.es\/ca\/\",\"name\":\"PRENERGY\",\"description\":\"Prime Rubau Energy\",\"potentialAction\":[{\"@type\":\"SearchAction\",\"target\":{\"@type\":\"EntryPoint\",\"urlTemplate\":\"https:\/\/prenergy.es\/ca\/?s={search_term_string}\"},\"query-input\":{\"@type\":\"PropertyValueSpecification\",\"valueRequired\":true,\"valueName\":\"search_term_string\"}}],\"inLanguage\":\"ca\"}]}<\/script>\n<!-- \/ Yoast SEO plugin. -->","yoast_head_json":{"title":"ACTIVITAT - PRENERGY","description":"Construimos instalaciones propias y para terceros de autoconsumo solar, eficiencia energ\u00e9tica (aerotermia, iluminaci\u00f3n, etc.).","robots":{"index":"index","follow":"follow","max-snippet":"max-snippet:-1","max-image-preview":"max-image-preview:large","max-video-preview":"max-video-preview:-1"},"canonical":"https:\/\/prenergy.es\/ca\/activitat\/","og_locale":"ca_ES","og_type":"article","og_title":"ACTIVITAT - PRENERGY","og_description":"Construimos instalaciones propias y para terceros de autoconsumo solar, eficiencia energ\u00e9tica (aerotermia, iluminaci\u00f3n, etc.).","og_url":"https:\/\/prenergy.es\/ca\/activitat\/","og_site_name":"PRENERGY","article_modified_time":"2023-11-03T10:43:56+00:00","og_image":[{"width":568,"height":567,"url":"https:\/\/prenergy.es\/wp-content\/uploads\/2023\/06\/Secciones-Prenergy_Mesa-de-trabajo-1-copia.jpg","type":"image\/jpeg"}],"twitter_card":"summary_large_image","twitter_misc":{"Temps estimat de lectura":"4 minuts"},"schema":{"@context":"https:\/\/schema.org","@graph":[{"@type":"WebPage","@id":"https:\/\/prenergy.es\/ca\/activitat\/","url":"https:\/\/prenergy.es\/ca\/activitat\/","name":"ACTIVITAT - PRENERGY","isPartOf":{"@id":"https:\/\/prenergy.es\/ca\/#website"},"primaryImageOfPage":{"@id":"https:\/\/prenergy.es\/ca\/activitat\/#primaryimage"},"image":{"@id":"https:\/\/prenergy.es\/ca\/activitat\/#primaryimage"},"thumbnailUrl":"https:\/\/prenergy.es\/wp-content\/uploads\/2023\/06\/Secciones-Prenergy_Mesa-de-trabajo-1-copia.jpg","datePublished":"2023-06-13T06:43:44+00:00","dateModified":"2023-11-03T10:43:56+00:00","description":"Construimos instalaciones propias y para terceros de autoconsumo solar, eficiencia energ\u00e9tica (aerotermia, iluminaci\u00f3n, etc.).","breadcrumb":{"@id":"https:\/\/prenergy.es\/ca\/activitat\/#breadcrumb"},"inLanguage":"ca","potentialAction":[{"@type":"ReadAction","target":["https:\/\/prenergy.es\/ca\/activitat\/"]}]},{"@type":"ImageObject","inLanguage":"ca","@id":"https:\/\/prenergy.es\/ca\/activitat\/#primaryimage","url":"https:\/\/prenergy.es\/wp-content\/uploads\/2023\/06\/Secciones-Prenergy_Mesa-de-trabajo-1-copia.jpg","contentUrl":"https:\/\/prenergy.es\/wp-content\/uploads\/2023\/06\/Secciones-Prenergy_Mesa-de-trabajo-1-copia.jpg","width":568,"height":567},{"@type":"BreadcrumbList","@id":"https:\/\/prenergy.es\/ca\/activitat\/#breadcrumb","itemListElement":[{"@type":"ListItem","position":1,"name":"Portada","item":"https:\/\/prenergy.es\/ca\/"},{"@type":"ListItem","position":2,"name":"ACTIVITAT"}]},{"@type":"WebSite","@id":"https:\/\/prenergy.es\/ca\/#website","url":"https:\/\/prenergy.es\/ca\/","name":"PRENERGY","description":"Prime Rubau Energy","potentialAction":[{"@type":"SearchAction","target":{"@type":"EntryPoint","urlTemplate":"https:\/\/prenergy.es\/ca\/?s={search_term_string}"},"query-input":{"@type":"PropertyValueSpecification","valueRequired":true,"valueName":"search_term_string"}}],"inLanguage":"ca"}]}},"jetpack_sharing_enabled":true,"_links":{"self":[{"href":"https:\/\/prenergy.es\/ca\/wp-json\/wp\/v2\/pages\/587","targetHints":{"allow":["GET"]}}],"collection":[{"href":"https:\/\/prenergy.es\/ca\/wp-json\/wp\/v2\/pages"}],"about":[{"href":"https:\/\/prenergy.es\/ca\/wp-json\/wp\/v2\/types\/page"}],"author":[{"embeddable":true,"href":"https:\/\/prenergy.es\/ca\/wp-json\/wp\/v2\/users\/1"}],"replies":[{"embeddable":true,"href":"https:\/\/prenergy.es\/ca\/wp-json\/wp\/v2\/comments?post=587"}],"version-history":[{"count":7,"href":"https:\/\/prenergy.es\/ca\/wp-json\/wp\/v2\/pages\/587\/revisions"}],"predecessor-version":[{"id":647,"href":"https:\/\/prenergy.es\/ca\/wp-json\/wp\/v2\/pages\/587\/revisions\/647"}],"wp:featuredmedia":[{"embeddable":true,"href":"https:\/\/prenergy.es\/ca\/wp-json\/wp\/v2\/media\/515"}],"wp:attachment":[{"href":"https:\/\/prenergy.es\/ca\/wp-json\/wp\/v2\/media?parent=587"}],"curies":[{"name":"wp","href":"https:\/\/api.w.org\/{rel}","templated":true}]}}