{"id":593,"date":"2023-06-30T12:01:53","date_gmt":"2023-06-30T10:01:53","guid":{"rendered":"https:\/\/prenergy.es\/compromisos\/"},"modified":"2023-11-02T15:24:36","modified_gmt":"2023-11-02T14:24:36","slug":"compromisos","status":"publish","type":"page","link":"https:\/\/prenergy.es\/ca\/compromisos\/","title":{"rendered":"COMPROMISOS"},"content":{"rendered":"<section class=\"wpb-content-wrapper\"><p>[vc_row css_animation=&#8221;&#8221; row_type=&#8221;row&#8221; use_row_as_full_screen_section=&#8221;no&#8221; type=&#8221;grid&#8221; angled_section=&#8221;no&#8221; text_align=&#8221;left&#8221; background_image_as_pattern=&#8221;without_pattern&#8221; z_index=&#8221;&#8221; css=&#8221;.vc_custom_1688118965706{background-image: url(https:\/\/prenergy.es\/wp-content\/uploads\/2023\/06\/Compromisos-scaled.jpg?id=354) !important;}&#8221;][vc_column width=&#8221;1\/6&#8243;][\/vc_column][vc_column width=&#8221;2\/3&#8243;][vc_empty_space height=&#8221;50px&#8221;][vc_column_text]<\/p>\n<h4 style=\"text-align: center;\"><span style=\"color: #000000;\"><strong><img decoding=\"async\" src=\"https:\/\/www.rubau.com\/wp-content\/themes\/rubau\/img\/filet.png\"> <span style=\"color: #ffffff;\">CODI \u00c8TIC I POL\u00cdTICA DE COMPLIMENT<\/span> <img decoding=\"async\" src=\"https:\/\/www.rubau.com\/wp-content\/themes\/rubau\/img\/filet.png\"><\/strong><\/span><\/h4>\n<p>[\/vc_column_text][vc_empty_space height=&#8221;25px&#8221;][vc_column_text]<\/p>\n<p style=\"text-align: center;\"><span style=\"color: #ffffff;\">Els valors i principis \u00e8tics reconeguts internacionalment en la Declaraci\u00f3 Universal dels Drets Humans, aix\u00ed com el rigor\u00f3s compliment de la legalitat, constitueixen la base del Codi \u00c8tic de RUBAU, al qual s&#8217;ha adherit PRENERGY, per ser empresa del Grup. Aquest codi t\u00e9 en compte el principi de responsabilitat Penal de les persones jur\u00eddiques recollit en l&#8217;ordenament jur\u00eddic espanyol i preveu i prohibeix l&#8217;exist\u00e8ncia de comportaments per part dels representants legals, administradors, empleats o qualsevol persona que estigui sotmesa a l&#8217;autoritat del personal de PRENERGY que puguin donar lloc a la responsabilitat del mateix. Es tracta de la norma fonamental que ha de regir el comportament dels empleats de l&#8217;empresa, en el desenvolupament de la seva activitat professional, aix\u00ed com en les relacions que mantinguin amb tercers. Els principis generals i els valors continguts en el Codi \u00c8tic podran ser ampliats per pol\u00edtiques i procediments espec\u00edfics de cadascuna de les mat\u00e8ries.<\/span><\/p>\n<p>&nbsp;<\/p>\n<p style=\"text-align: center;\"><span style=\"color: #ffffff;\">La corrupci\u00f3 i la frau frenen el desenvolupament econ\u00f2mic i van en detriment de la just\u00edcia social i de l&#8217;estat de Dret, causant greus perjudicis a l&#8217;economia i la societat, i en molts casos faciliten les operacions de la delinq\u00fc\u00e8ncia organitzada. RUBAU, erigida com a referent pels seus ferms compromisos amb els principis \u00e8tics, assumeix la responsabilitat de participar activament en el desafiament que constitueix la prevenci\u00f3 i la lluita contra la corrupci\u00f3 i el frau en tots els \u00e0mbits de l&#8217;activitat. La Pol\u00edtica per a la prevenci\u00f3 de delictes i contra la corrupci\u00f3 i el frau, a la qual s&#8217;ha adherit PRENERGY per ser empresa del Grup, t\u00e9 la finalitat de projectar a tots els directius i empleats de PRENERGY, aix\u00ed com tercers que es relacionin amb la companyia, un missatge de rotunda oposici\u00f3 a la comissi\u00f3 de qualsevol acte il\u00b7l\u00edcit penal. Aquesta pol\u00edtica acredita el comprom\u00eds de PRENERGY amb la vigil\u00e0ncia permanent i la sanci\u00f3 dels actes i les conductes fraudulents, de manteniment de mecanismes efectius de comunicaci\u00f3 i conscienciaci\u00f3 de tots els empleats i de desenvolupament d&#8217;una cultura empresarial d&#8217;\u00e8tica i honestedat, i envia un missatge rotund d&#8217;oposici\u00f3 a la corrupci\u00f3 i el frau a totes les seves manifestacions.<\/span><\/p>\n<p>[\/vc_column_text][vc_empty_space height=&#8221;50px&#8221;][vc_row_inner row_type=&#8221;row&#8221; type=&#8221;full_width&#8221; text_align=&#8221;left&#8221; css_animation=&#8221;&#8221;][vc_column_inner width=&#8221;1\/4&#8243;][\/vc_column_inner][vc_column_inner width=&#8221;1\/4&#8243;][vc_single_image image=&#8221;356&#8243; img_size=&#8221;full&#8221; alignment=&#8221;center&#8221; onclick=&#8221;custom_link&#8221; img_link_target=&#8221;_blank&#8221; qode_css_animation=&#8221;&#8221; qode_hover_animation=&#8221;darken&#8221; link=&#8221;https:\/\/prenergy.es\/wp-content\/uploads\/2023\/06\/Politica-de-cumplimiento-para-prevencion-de-delitos-y-contra-la-corrupcion-y-el-fraude-Edicion-5.pdf&#8221;][\/vc_column_inner][vc_column_inner width=&#8221;1\/4&#8243;][vc_single_image image=&#8221;357&#8243; img_size=&#8221;full&#8221; alignment=&#8221;center&#8221; onclick=&#8221;custom_link&#8221; img_link_target=&#8221;_blank&#8221; qode_css_animation=&#8221;&#8221; qode_hover_animation=&#8221;darken&#8221; link=&#8221;https:\/\/prenergy.es\/wp-content\/uploads\/2023\/06\/CODIGO-ETICO-RUBAU-Edicion-10.pdf&#8221;][\/vc_column_inner][vc_column_inner width=&#8221;1\/4&#8243;][\/vc_column_inner][\/vc_row_inner][vc_empty_space height=&#8221;100px&#8221;][\/vc_column][vc_column width=&#8221;1\/6&#8243;][\/vc_column][\/vc_row]<\/p>\n<\/section>","protected":false},"excerpt":{"rendered":"<p>[vc_row css_animation=&#8221;&#8221; row_type=&#8221;row&#8221; use_row_as_full_screen_section=&#8221;no&#8221; type=&#8221;grid&#8221; angled_section=&#8221;no&#8221; text_align=&#8221;left&#8221; background_image_as_pattern=&#8221;without_pattern&#8221; z_index=&#8221;&#8221; css=&#8221;.vc_custom_1688118965706{background-image: url(https:\/\/prenergy.es\/wp-content\/uploads\/2023\/06\/Compromisos-scaled.jpg?id=354) !important;}&#8221;][vc_column width=&#8221;1\/6&#8243;][\/vc_column][vc_column width=&#8221;2\/3&#8243;][vc_empty_space height=&#8221;50px&#8221;][vc_column_text] CODI \u00c8TIC I POL\u00cdTICA DE COMPLIMENT [\/vc_column_text][vc_empty_space height=&#8221;25px&#8221;][vc_column_text] Els valors i principis \u00e8tics reconeguts internacionalment en la Declaraci\u00f3 Universal dels Drets Humans, aix\u00ed com el rigor\u00f3s compliment de la legalitat,&#8230;<\/p>\n","protected":false},"author":1,"featured_media":0,"parent":0,"menu_order":0,"comment_status":"closed","ping_status":"closed","template":"full_width.php","meta":{"footnotes":""},"class_list":["post-593","page","type-page","status-publish","hentry"],"yoast_head":"<!-- This site is optimized with the Yoast SEO plugin v27.2 - https:\/\/yoast.com\/product\/yoast-seo-wordpress\/ -->\n<title>COMPROMISOS - PRENERGY<\/title>\n<meta name=\"robots\" content=\"index, follow, max-snippet:-1, max-image-preview:large, max-video-preview:-1\" \/>\n<link rel=\"canonical\" href=\"https:\/\/prenergy.es\/ca\/compromisos\/\" \/>\n<meta property=\"og:locale\" content=\"ca_ES\" \/>\n<meta property=\"og:type\" content=\"article\" \/>\n<meta property=\"og:title\" content=\"COMPROMISOS - PRENERGY\" \/>\n<meta property=\"og:description\" content=\"[vc_row css_animation=&#8221;&#8221; row_type=&#8221;row&#8221; use_row_as_full_screen_section=&#8221;no&#8221; type=&#8221;grid&#8221; angled_section=&#8221;no&#8221; text_align=&#8221;left&#8221; background_image_as_pattern=&#8221;without_pattern&#8221; z_index=&#8221;&#8221; css=&#8221;.vc_custom_1688118965706{background-image: url(https:\/\/prenergy.es\/wp-content\/uploads\/2023\/06\/Compromisos-scaled.jpg?id=354) !important;}&#8221;][vc_column width=&#8221;1\/6&#8243;][\/vc_column][vc_column width=&#8221;2\/3&#8243;][vc_empty_space height=&#8221;50px&#8221;][vc_column_text] CODI \u00c8TIC I POL\u00cdTICA DE COMPLIMENT [\/vc_column_text][vc_empty_space height=&#8221;25px&#8221;][vc_column_text] Els valors i principis \u00e8tics reconeguts internacionalment en la Declaraci\u00f3 Universal dels Drets Humans, aix\u00ed com el rigor\u00f3s compliment de la legalitat,...\" \/>\n<meta property=\"og:url\" content=\"https:\/\/prenergy.es\/ca\/compromisos\/\" \/>\n<meta property=\"og:site_name\" content=\"PRENERGY\" \/>\n<meta property=\"article:modified_time\" content=\"2023-11-02T14:24:36+00:00\" \/>\n<meta property=\"og:image\" content=\"https:\/\/www.rubau.com\/wp-content\/themes\/rubau\/img\/filet.png\" \/>\n<meta name=\"twitter:card\" content=\"summary_large_image\" \/>\n<meta name=\"twitter:label1\" content=\"Temps estimat de lectura\" \/>\n\t<meta name=\"twitter:data1\" content=\"3 minuts\" \/>\n<script type=\"application\/ld+json\" class=\"yoast-schema-graph\">{\"@context\":\"https:\/\/schema.org\",\"@graph\":[{\"@type\":\"WebPage\",\"@id\":\"https:\/\/prenergy.es\/ca\/compromisos\/\",\"url\":\"https:\/\/prenergy.es\/ca\/compromisos\/\",\"name\":\"COMPROMISOS - PRENERGY\",\"isPartOf\":{\"@id\":\"https:\/\/prenergy.es\/ca\/#website\"},\"primaryImageOfPage\":{\"@id\":\"https:\/\/prenergy.es\/ca\/compromisos\/#primaryimage\"},\"image\":{\"@id\":\"https:\/\/prenergy.es\/ca\/compromisos\/#primaryimage\"},\"thumbnailUrl\":\"https:\/\/www.rubau.com\/wp-content\/themes\/rubau\/img\/filet.png\",\"datePublished\":\"2023-06-30T10:01:53+00:00\",\"dateModified\":\"2023-11-02T14:24:36+00:00\",\"breadcrumb\":{\"@id\":\"https:\/\/prenergy.es\/ca\/compromisos\/#breadcrumb\"},\"inLanguage\":\"ca\",\"potentialAction\":[{\"@type\":\"ReadAction\",\"target\":[\"https:\/\/prenergy.es\/ca\/compromisos\/\"]}]},{\"@type\":\"ImageObject\",\"inLanguage\":\"ca\",\"@id\":\"https:\/\/prenergy.es\/ca\/compromisos\/#primaryimage\",\"url\":\"https:\/\/www.rubau.com\/wp-content\/themes\/rubau\/img\/filet.png\",\"contentUrl\":\"https:\/\/www.rubau.com\/wp-content\/themes\/rubau\/img\/filet.png\"},{\"@type\":\"BreadcrumbList\",\"@id\":\"https:\/\/prenergy.es\/ca\/compromisos\/#breadcrumb\",\"itemListElement\":[{\"@type\":\"ListItem\",\"position\":1,\"name\":\"Portada\",\"item\":\"https:\/\/prenergy.es\/ca\/\"},{\"@type\":\"ListItem\",\"position\":2,\"name\":\"COMPROMISOS\"}]},{\"@type\":\"WebSite\",\"@id\":\"https:\/\/prenergy.es\/ca\/#website\",\"url\":\"https:\/\/prenergy.es\/ca\/\",\"name\":\"PRENERGY\",\"description\":\"Prime Rubau Energy\",\"potentialAction\":[{\"@type\":\"SearchAction\",\"target\":{\"@type\":\"EntryPoint\",\"urlTemplate\":\"https:\/\/prenergy.es\/ca\/?s={search_term_string}\"},\"query-input\":{\"@type\":\"PropertyValueSpecification\",\"valueRequired\":true,\"valueName\":\"search_term_string\"}}],\"inLanguage\":\"ca\"}]}<\/script>\n<!-- \/ Yoast SEO plugin. -->","yoast_head_json":{"title":"COMPROMISOS - PRENERGY","robots":{"index":"index","follow":"follow","max-snippet":"max-snippet:-1","max-image-preview":"max-image-preview:large","max-video-preview":"max-video-preview:-1"},"canonical":"https:\/\/prenergy.es\/ca\/compromisos\/","og_locale":"ca_ES","og_type":"article","og_title":"COMPROMISOS - PRENERGY","og_description":"[vc_row css_animation=&#8221;&#8221; row_type=&#8221;row&#8221; use_row_as_full_screen_section=&#8221;no&#8221; type=&#8221;grid&#8221; angled_section=&#8221;no&#8221; text_align=&#8221;left&#8221; background_image_as_pattern=&#8221;without_pattern&#8221; z_index=&#8221;&#8221; css=&#8221;.vc_custom_1688118965706{background-image: url(https:\/\/prenergy.es\/wp-content\/uploads\/2023\/06\/Compromisos-scaled.jpg?id=354) !important;}&#8221;][vc_column width=&#8221;1\/6&#8243;][\/vc_column][vc_column width=&#8221;2\/3&#8243;][vc_empty_space height=&#8221;50px&#8221;][vc_column_text] CODI \u00c8TIC I POL\u00cdTICA DE COMPLIMENT [\/vc_column_text][vc_empty_space height=&#8221;25px&#8221;][vc_column_text] Els valors i principis \u00e8tics reconeguts internacionalment en la Declaraci\u00f3 Universal dels Drets Humans, aix\u00ed com el rigor\u00f3s compliment de la legalitat,...","og_url":"https:\/\/prenergy.es\/ca\/compromisos\/","og_site_name":"PRENERGY","article_modified_time":"2023-11-02T14:24:36+00:00","og_image":[{"url":"https:\/\/www.rubau.com\/wp-content\/themes\/rubau\/img\/filet.png","type":"","width":"","height":""}],"twitter_card":"summary_large_image","twitter_misc":{"Temps estimat de lectura":"3 minuts"},"schema":{"@context":"https:\/\/schema.org","@graph":[{"@type":"WebPage","@id":"https:\/\/prenergy.es\/ca\/compromisos\/","url":"https:\/\/prenergy.es\/ca\/compromisos\/","name":"COMPROMISOS - PRENERGY","isPartOf":{"@id":"https:\/\/prenergy.es\/ca\/#website"},"primaryImageOfPage":{"@id":"https:\/\/prenergy.es\/ca\/compromisos\/#primaryimage"},"image":{"@id":"https:\/\/prenergy.es\/ca\/compromisos\/#primaryimage"},"thumbnailUrl":"https:\/\/www.rubau.com\/wp-content\/themes\/rubau\/img\/filet.png","datePublished":"2023-06-30T10:01:53+00:00","dateModified":"2023-11-02T14:24:36+00:00","breadcrumb":{"@id":"https:\/\/prenergy.es\/ca\/compromisos\/#breadcrumb"},"inLanguage":"ca","potentialAction":[{"@type":"ReadAction","target":["https:\/\/prenergy.es\/ca\/compromisos\/"]}]},{"@type":"ImageObject","inLanguage":"ca","@id":"https:\/\/prenergy.es\/ca\/compromisos\/#primaryimage","url":"https:\/\/www.rubau.com\/wp-content\/themes\/rubau\/img\/filet.png","contentUrl":"https:\/\/www.rubau.com\/wp-content\/themes\/rubau\/img\/filet.png"},{"@type":"BreadcrumbList","@id":"https:\/\/prenergy.es\/ca\/compromisos\/#breadcrumb","itemListElement":[{"@type":"ListItem","position":1,"name":"Portada","item":"https:\/\/prenergy.es\/ca\/"},{"@type":"ListItem","position":2,"name":"COMPROMISOS"}]},{"@type":"WebSite","@id":"https:\/\/prenergy.es\/ca\/#website","url":"https:\/\/prenergy.es\/ca\/","name":"PRENERGY","description":"Prime Rubau Energy","potentialAction":[{"@type":"SearchAction","target":{"@type":"EntryPoint","urlTemplate":"https:\/\/prenergy.es\/ca\/?s={search_term_string}"},"query-input":{"@type":"PropertyValueSpecification","valueRequired":true,"valueName":"search_term_string"}}],"inLanguage":"ca"}]}},"jetpack_sharing_enabled":true,"_links":{"self":[{"href":"https:\/\/prenergy.es\/ca\/wp-json\/wp\/v2\/pages\/593","targetHints":{"allow":["GET"]}}],"collection":[{"href":"https:\/\/prenergy.es\/ca\/wp-json\/wp\/v2\/pages"}],"about":[{"href":"https:\/\/prenergy.es\/ca\/wp-json\/wp\/v2\/types\/page"}],"author":[{"embeddable":true,"href":"https:\/\/prenergy.es\/ca\/wp-json\/wp\/v2\/users\/1"}],"replies":[{"embeddable":true,"href":"https:\/\/prenergy.es\/ca\/wp-json\/wp\/v2\/comments?post=593"}],"version-history":[{"count":2,"href":"https:\/\/prenergy.es\/ca\/wp-json\/wp\/v2\/pages\/593\/revisions"}],"predecessor-version":[{"id":595,"href":"https:\/\/prenergy.es\/ca\/wp-json\/wp\/v2\/pages\/593\/revisions\/595"}],"wp:attachment":[{"href":"https:\/\/prenergy.es\/ca\/wp-json\/wp\/v2\/media?parent=593"}],"curies":[{"name":"wp","href":"https:\/\/api.w.org\/{rel}","templated":true}]}}