{"id":611,"date":"2023-06-23T06:33:34","date_gmt":"2023-06-23T04:33:34","guid":{"rendered":"https:\/\/prenergy.es\/grup-rubau\/"},"modified":"2023-11-02T16:13:23","modified_gmt":"2023-11-02T15:13:23","slug":"grup-rubau","status":"publish","type":"page","link":"https:\/\/prenergy.es\/ca\/grup-rubau\/","title":{"rendered":"GRUP RUBAU"},"content":{"rendered":"<section class=\"wpb-content-wrapper\"><p>[vc_row css_animation=&#8221;&#8221; row_type=&#8221;row&#8221; use_row_as_full_screen_section=&#8221;no&#8221; type=&#8221;grid&#8221; angled_section=&#8221;no&#8221; text_align=&#8221;left&#8221; background_image_as_pattern=&#8221;without_pattern&#8221; z_index=&#8221;&#8221;][vc_column width=&#8221;1\/6&#8243;][\/vc_column][vc_column width=&#8221;2\/3&#8243;][vc_empty_space height=&#8221;50&#8243;][vc_column_text]<\/p>\n<h4 style=\"text-align: center;\"><a href=\"https:\/\/www.rubau.com\/\"><span style=\"color: #000000;\"><strong><img decoding=\"async\" src=\"https:\/\/www.rubau.com\/wp-content\/themes\/rubau\/img\/filet.png\"> GRUP RUBAU <img decoding=\"async\" src=\"https:\/\/www.rubau.com\/wp-content\/themes\/rubau\/img\/filet.png\"><\/strong><\/span><\/a><\/h4>\n<p>[\/vc_column_text][vc_empty_space height=&#8221;25px&#8221;][vc_column_text]<\/p>\n<h3 style=\"text-align: center;\"><a href=\"https:\/\/www.rubau.com\/\" target=\"_blank\" rel=\"noopener\">Grup RUBAU<\/a> <span class=\"OYPEnA text-decoration-none text-strikethrough-none\">desenvolupa solucions integrals per a la mobilitat, el transport, l&#8217;aigua, les energies renovables, la rehabilitaci\u00f3 d&#8217;edificis, les mat\u00e8ries primeres i els serveis immobiliaris. Sempre al servei de la societat des de la innovaci\u00f3, la sostenibilitat i la responsabilitat, contribu\u00efm al Benestar del Planeta i promovem l&#8217;Economia Circular.<\/span><span class=\"OYPEnA text-decoration-none text-strikethrough-none\">.<\/span><\/h3>\n<p>[\/vc_column_text][\/vc_column][vc_column width=&#8221;1\/6&#8243;][\/vc_column][\/vc_row][vc_row css_animation=&#8221;&#8221; row_type=&#8221;row&#8221; use_row_as_full_screen_section=&#8221;no&#8221; type=&#8221;grid&#8221; angled_section=&#8221;no&#8221; text_align=&#8221;left&#8221; background_image_as_pattern=&#8221;without_pattern&#8221; z_index=&#8221;&#8221;][vc_column width=&#8221;1\/6&#8243;][\/vc_column][vc_column width=&#8221;2\/3&#8243;][vc_empty_space height=&#8221;50&#8243;][vc_column_text]<\/p>\n<h4 style=\"text-align: center;\">Ens avalen 60 anys d&#8217;hist\u00f2ria, de qualitat i rigor, en els quals hem creat espais \u00fanics i singulars que han aportat progr\u00e9s i benestar. Continuem creixent, per\u00f2 volem fer-ho cuidant i protegint el planeta i els seus recursos naturals. Per aix\u00f2 la nostra activitat es desenvolupa tamb\u00e9 en la generaci\u00f3 i la distribuci\u00f3 d&#8217;energies renovables, en solucions per promoure l&#8217;efici\u00e8ncia energ\u00e8tica, el reciclatge de materials i la gesti\u00f3 de residus urbans. El nostre comprom\u00eds \u00e9s ferm amb els territoris on treballem i amb els nostres clients.<\/h4>\n<p>[\/vc_column_text][vc_empty_space height=&#8221;30&#8243;][vc_column_text]<\/p>\n<h4 style=\"text-align: center;\">El nostre grup compta amb professionals altament qualificats i estem conven\u00e7uts que el nostre prop\u00f2sit de desenvolupar projectes sostenibles nom\u00e9s \u00e9s possible amb persones preparades t\u00e8cnicament, per\u00f2 tamb\u00e9 compromeses i alineades amb els Objectius de Desenvolupament Sostenible. Som el grup circular que promou l&#8217;economia circular.<\/h4>\n<p>[\/vc_column_text][vc_empty_space height=&#8221;50px&#8221;][\/vc_column][vc_column width=&#8221;1\/6&#8243;][\/vc_column][\/vc_row][vc_row css_animation=&#8221;&#8221; row_type=&#8221;row&#8221; use_row_as_full_screen_section=&#8221;no&#8221; type=&#8221;full_width&#8221; angled_section=&#8221;no&#8221; text_align=&#8221;left&#8221; background_image_as_pattern=&#8221;without_pattern&#8221; z_index=&#8221;&#8221;][vc_column][vc_single_image image=&#8221;64&#8243; img_size=&#8221;full&#8221; alignment=&#8221;center&#8221; qode_css_animation=&#8221;&#8221;][\/vc_column][\/vc_row][vc_row css_animation=&#8221;&#8221; row_type=&#8221;row&#8221; use_row_as_full_screen_section=&#8221;no&#8221; type=&#8221;grid&#8221; angled_section=&#8221;no&#8221; text_align=&#8221;left&#8221; background_image_as_pattern=&#8221;without_pattern&#8221; z_index=&#8221;&#8221;][vc_column width=&#8221;1\/6&#8243;][\/vc_column][vc_column width=&#8221;2\/3&#8243;][vc_row_inner row_type=&#8221;row&#8221; type=&#8221;full_width&#8221; text_align=&#8221;left&#8221; css_animation=&#8221;&#8221;][vc_column_inner width=&#8221;1\/4&#8243;][vc_single_image image=&#8221;383&#8243; img_size=&#8221;full&#8221; alignment=&#8221;center&#8221; onclick=&#8221;custom_link&#8221; img_link_target=&#8221;_blank&#8221; qode_css_animation=&#8221;&#8221; qode_hover_animation=&#8221;darken&#8221; link=&#8221;https:\/\/www.rubau.com\/&#8221;][\/vc_column_inner][vc_column_inner width=&#8221;1\/4&#8243;][vc_single_image image=&#8221;384&#8243; img_size=&#8221;full&#8221; alignment=&#8221;center&#8221; onclick=&#8221;custom_link&#8221; img_link_target=&#8221;_blank&#8221; qode_css_animation=&#8221;&#8221; qode_hover_animation=&#8221;darken&#8221; link=&#8221;https:\/\/prenergy.es\/ca\/&#8221;][\/vc_column_inner][vc_column_inner width=&#8221;1\/4&#8243;][vc_single_image image=&#8221;385&#8243; img_size=&#8221;full&#8221; alignment=&#8221;center&#8221; onclick=&#8221;custom_link&#8221; img_link_target=&#8221;_blank&#8221; qode_css_animation=&#8221;&#8221; qode_hover_animation=&#8221;darken&#8221; link=&#8221;https:\/\/arema.com\/&#8221;][\/vc_column_inner][vc_column_inner width=&#8221;1\/4&#8243;][vc_single_image image=&#8221;386&#8243; img_size=&#8221;full&#8221; alignment=&#8221;center&#8221; onclick=&#8221;custom_link&#8221; img_link_target=&#8221;_blank&#8221; qode_css_animation=&#8221;&#8221; qode_hover_animation=&#8221;darken&#8221; link=&#8221;https:\/\/contracta.net\/&#8221;][\/vc_column_inner][\/vc_row_inner][\/vc_column][vc_column width=&#8221;1\/6&#8243;][\/vc_column][\/vc_row][vc_row css_animation=&#8221;&#8221; row_type=&#8221;row&#8221; use_row_as_full_screen_section=&#8221;no&#8221; type=&#8221;full_width&#8221; angled_section=&#8221;no&#8221; text_align=&#8221;left&#8221; background_image_as_pattern=&#8221;without_pattern&#8221;][vc_column][vc_empty_space height=&#8221;120&#8243;][\/vc_column][\/vc_row]<\/p>\n<\/section>","protected":false},"excerpt":{"rendered":"<p>[vc_row css_animation=&#8221;&#8221; row_type=&#8221;row&#8221; use_row_as_full_screen_section=&#8221;no&#8221; type=&#8221;grid&#8221; angled_section=&#8221;no&#8221; text_align=&#8221;left&#8221; background_image_as_pattern=&#8221;without_pattern&#8221; z_index=&#8221;&#8221;][vc_column width=&#8221;1\/6&#8243;][\/vc_column][vc_column width=&#8221;2\/3&#8243;][vc_empty_space height=&#8221;50&#8243;][vc_column_text] GRUP RUBAU [\/vc_column_text][vc_empty_space height=&#8221;25px&#8221;][vc_column_text] Grup RUBAU desenvolupa solucions integrals per a la mobilitat, el transport, l&#8217;aigua, les energies renovables, la rehabilitaci\u00f3 d&#8217;edificis, les mat\u00e8ries primeres i els serveis immobiliaris. Sempre al servei de&#8230;<\/p>\n","protected":false},"author":1,"featured_media":511,"parent":0,"menu_order":0,"comment_status":"closed","ping_status":"closed","template":"full_width.php","meta":{"footnotes":""},"class_list":["post-611","page","type-page","status-publish","has-post-thumbnail","hentry"],"yoast_head":"<!-- This site is optimized with the Yoast SEO plugin v27.2 - https:\/\/yoast.com\/product\/yoast-seo-wordpress\/ -->\n<title>GRUP RUBAU - PRENERGY<\/title>\n<meta name=\"description\" content=\"Prenergy neix de la demanda dels clients de Rubau per atendre les seves necessitats en els projectes de transici\u00f3 d&#039;energies sostenibles.\" \/>\n<meta name=\"robots\" content=\"index, follow, max-snippet:-1, max-image-preview:large, max-video-preview:-1\" \/>\n<link rel=\"canonical\" href=\"https:\/\/prenergy.es\/ca\/grup-rubau\/\" \/>\n<meta property=\"og:locale\" content=\"ca_ES\" \/>\n<meta property=\"og:type\" content=\"article\" \/>\n<meta property=\"og:title\" content=\"GRUP RUBAU - PRENERGY\" \/>\n<meta property=\"og:description\" content=\"Prenergy neix de la demanda dels clients de Rubau per atendre les seves necessitats en els projectes de transici\u00f3 d&#039;energies sostenibles.\" \/>\n<meta property=\"og:url\" content=\"https:\/\/prenergy.es\/ca\/grup-rubau\/\" \/>\n<meta property=\"og:site_name\" content=\"PRENERGY\" \/>\n<meta property=\"article:modified_time\" content=\"2023-11-02T15:13:23+00:00\" \/>\n<meta property=\"og:image\" content=\"https:\/\/prenergy.es\/wp-content\/uploads\/2023\/06\/02a16n9a.jpg\" \/>\n\t<meta property=\"og:image:width\" content=\"1613\" \/>\n\t<meta property=\"og:image:height\" content=\"1080\" \/>\n\t<meta property=\"og:image:type\" content=\"image\/jpeg\" \/>\n<meta name=\"twitter:card\" content=\"summary_large_image\" \/>\n<meta name=\"twitter:label1\" content=\"Temps estimat de lectura\" \/>\n\t<meta name=\"twitter:data1\" content=\"3 minuts\" \/>\n<script type=\"application\/ld+json\" class=\"yoast-schema-graph\">{\"@context\":\"https:\/\/schema.org\",\"@graph\":[{\"@type\":\"WebPage\",\"@id\":\"https:\/\/prenergy.es\/ca\/grup-rubau\/\",\"url\":\"https:\/\/prenergy.es\/ca\/grup-rubau\/\",\"name\":\"GRUP RUBAU - PRENERGY\",\"isPartOf\":{\"@id\":\"https:\/\/prenergy.es\/ca\/#website\"},\"primaryImageOfPage\":{\"@id\":\"https:\/\/prenergy.es\/ca\/grup-rubau\/#primaryimage\"},\"image\":{\"@id\":\"https:\/\/prenergy.es\/ca\/grup-rubau\/#primaryimage\"},\"thumbnailUrl\":\"https:\/\/prenergy.es\/wp-content\/uploads\/2023\/06\/02a16n9a.jpg\",\"datePublished\":\"2023-06-23T04:33:34+00:00\",\"dateModified\":\"2023-11-02T15:13:23+00:00\",\"description\":\"Prenergy neix de la demanda dels clients de Rubau per atendre les seves necessitats en els projectes de transici\u00f3 d'energies sostenibles.\",\"breadcrumb\":{\"@id\":\"https:\/\/prenergy.es\/ca\/grup-rubau\/#breadcrumb\"},\"inLanguage\":\"ca\",\"potentialAction\":[{\"@type\":\"ReadAction\",\"target\":[\"https:\/\/prenergy.es\/ca\/grup-rubau\/\"]}]},{\"@type\":\"ImageObject\",\"inLanguage\":\"ca\",\"@id\":\"https:\/\/prenergy.es\/ca\/grup-rubau\/#primaryimage\",\"url\":\"https:\/\/prenergy.es\/wp-content\/uploads\/2023\/06\/02a16n9a.jpg\",\"contentUrl\":\"https:\/\/prenergy.es\/wp-content\/uploads\/2023\/06\/02a16n9a.jpg\",\"width\":1613,\"height\":1080},{\"@type\":\"BreadcrumbList\",\"@id\":\"https:\/\/prenergy.es\/ca\/grup-rubau\/#breadcrumb\",\"itemListElement\":[{\"@type\":\"ListItem\",\"position\":1,\"name\":\"Portada\",\"item\":\"https:\/\/prenergy.es\/ca\/\"},{\"@type\":\"ListItem\",\"position\":2,\"name\":\"GRUP RUBAU\"}]},{\"@type\":\"WebSite\",\"@id\":\"https:\/\/prenergy.es\/ca\/#website\",\"url\":\"https:\/\/prenergy.es\/ca\/\",\"name\":\"PRENERGY\",\"description\":\"Prime Rubau Energy\",\"potentialAction\":[{\"@type\":\"SearchAction\",\"target\":{\"@type\":\"EntryPoint\",\"urlTemplate\":\"https:\/\/prenergy.es\/ca\/?s={search_term_string}\"},\"query-input\":{\"@type\":\"PropertyValueSpecification\",\"valueRequired\":true,\"valueName\":\"search_term_string\"}}],\"inLanguage\":\"ca\"}]}<\/script>\n<!-- \/ Yoast SEO plugin. -->","yoast_head_json":{"title":"GRUP RUBAU - PRENERGY","description":"Prenergy neix de la demanda dels clients de Rubau per atendre les seves necessitats en els projectes de transici\u00f3 d'energies sostenibles.","robots":{"index":"index","follow":"follow","max-snippet":"max-snippet:-1","max-image-preview":"max-image-preview:large","max-video-preview":"max-video-preview:-1"},"canonical":"https:\/\/prenergy.es\/ca\/grup-rubau\/","og_locale":"ca_ES","og_type":"article","og_title":"GRUP RUBAU - PRENERGY","og_description":"Prenergy neix de la demanda dels clients de Rubau per atendre les seves necessitats en els projectes de transici\u00f3 d'energies sostenibles.","og_url":"https:\/\/prenergy.es\/ca\/grup-rubau\/","og_site_name":"PRENERGY","article_modified_time":"2023-11-02T15:13:23+00:00","og_image":[{"width":1613,"height":1080,"url":"https:\/\/prenergy.es\/wp-content\/uploads\/2023\/06\/02a16n9a.jpg","type":"image\/jpeg"}],"twitter_card":"summary_large_image","twitter_misc":{"Temps estimat de lectura":"3 minuts"},"schema":{"@context":"https:\/\/schema.org","@graph":[{"@type":"WebPage","@id":"https:\/\/prenergy.es\/ca\/grup-rubau\/","url":"https:\/\/prenergy.es\/ca\/grup-rubau\/","name":"GRUP RUBAU - PRENERGY","isPartOf":{"@id":"https:\/\/prenergy.es\/ca\/#website"},"primaryImageOfPage":{"@id":"https:\/\/prenergy.es\/ca\/grup-rubau\/#primaryimage"},"image":{"@id":"https:\/\/prenergy.es\/ca\/grup-rubau\/#primaryimage"},"thumbnailUrl":"https:\/\/prenergy.es\/wp-content\/uploads\/2023\/06\/02a16n9a.jpg","datePublished":"2023-06-23T04:33:34+00:00","dateModified":"2023-11-02T15:13:23+00:00","description":"Prenergy neix de la demanda dels clients de Rubau per atendre les seves necessitats en els projectes de transici\u00f3 d'energies sostenibles.","breadcrumb":{"@id":"https:\/\/prenergy.es\/ca\/grup-rubau\/#breadcrumb"},"inLanguage":"ca","potentialAction":[{"@type":"ReadAction","target":["https:\/\/prenergy.es\/ca\/grup-rubau\/"]}]},{"@type":"ImageObject","inLanguage":"ca","@id":"https:\/\/prenergy.es\/ca\/grup-rubau\/#primaryimage","url":"https:\/\/prenergy.es\/wp-content\/uploads\/2023\/06\/02a16n9a.jpg","contentUrl":"https:\/\/prenergy.es\/wp-content\/uploads\/2023\/06\/02a16n9a.jpg","width":1613,"height":1080},{"@type":"BreadcrumbList","@id":"https:\/\/prenergy.es\/ca\/grup-rubau\/#breadcrumb","itemListElement":[{"@type":"ListItem","position":1,"name":"Portada","item":"https:\/\/prenergy.es\/ca\/"},{"@type":"ListItem","position":2,"name":"GRUP RUBAU"}]},{"@type":"WebSite","@id":"https:\/\/prenergy.es\/ca\/#website","url":"https:\/\/prenergy.es\/ca\/","name":"PRENERGY","description":"Prime Rubau Energy","potentialAction":[{"@type":"SearchAction","target":{"@type":"EntryPoint","urlTemplate":"https:\/\/prenergy.es\/ca\/?s={search_term_string}"},"query-input":{"@type":"PropertyValueSpecification","valueRequired":true,"valueName":"search_term_string"}}],"inLanguage":"ca"}]}},"jetpack_sharing_enabled":true,"_links":{"self":[{"href":"https:\/\/prenergy.es\/ca\/wp-json\/wp\/v2\/pages\/611","targetHints":{"allow":["GET"]}}],"collection":[{"href":"https:\/\/prenergy.es\/ca\/wp-json\/wp\/v2\/pages"}],"about":[{"href":"https:\/\/prenergy.es\/ca\/wp-json\/wp\/v2\/types\/page"}],"author":[{"embeddable":true,"href":"https:\/\/prenergy.es\/ca\/wp-json\/wp\/v2\/users\/1"}],"replies":[{"embeddable":true,"href":"https:\/\/prenergy.es\/ca\/wp-json\/wp\/v2\/comments?post=611"}],"version-history":[{"count":5,"href":"https:\/\/prenergy.es\/ca\/wp-json\/wp\/v2\/pages\/611\/revisions"}],"predecessor-version":[{"id":616,"href":"https:\/\/prenergy.es\/ca\/wp-json\/wp\/v2\/pages\/611\/revisions\/616"}],"wp:featuredmedia":[{"embeddable":true,"href":"https:\/\/prenergy.es\/ca\/wp-json\/wp\/v2\/media\/511"}],"wp:attachment":[{"href":"https:\/\/prenergy.es\/ca\/wp-json\/wp\/v2\/media?parent=611"}],"curies":[{"name":"wp","href":"https:\/\/api.w.org\/{rel}","templated":true}]}}