{"id":619,"date":"2023-06-19T10:19:34","date_gmt":"2023-06-19T08:19:34","guid":{"rendered":"https:\/\/prenergy.es\/indicadors\/"},"modified":"2023-11-02T16:17:47","modified_gmt":"2023-11-02T15:17:47","slug":"indicadors","status":"publish","type":"page","link":"https:\/\/prenergy.es\/ca\/indicadors\/","title":{"rendered":"INDICADORS"},"content":{"rendered":"<section class=\"wpb-content-wrapper\"><p>[vc_row css_animation=&#8221;&#8221; row_type=&#8221;row&#8221; use_row_as_full_screen_section=&#8221;no&#8221; type=&#8221;grid&#8221; angled_section=&#8221;no&#8221; text_align=&#8221;left&#8221; background_image_as_pattern=&#8221;without_pattern&#8221; z_index=&#8221;&#8221;][vc_column width=&#8221;1\/6&#8243;][\/vc_column][vc_column width=&#8221;2\/3&#8243;][vc_empty_space height=&#8221;50px&#8221;][vc_column_text]<\/p>\n<h4 style=\"text-align: center;\"><span style=\"color: #000000;\"><strong><img decoding=\"async\" src=\"https:\/\/www.rubau.com\/wp-content\/themes\/rubau\/img\/filet.png\"> INDICADORS <img decoding=\"async\" src=\"https:\/\/www.rubau.com\/wp-content\/themes\/rubau\/img\/filet.png\"><\/strong><\/span><\/h4>\n<p>[\/vc_column_text][vc_empty_space height=&#8221;25px&#8221;][vc_column_text]<\/p>\n<h3 style=\"text-align: center;\">Actualitzem els nostres indicadors de sostenibilitat. Prenergy treballa intensament en nous projectes que es fan realitat mes a mes. Amb la nostra activitat, contribu\u00efm a la transici\u00f3 energ\u00e8tica i evitem emissions de CO2 que perjudiquen tant el medi ambient.<\/h3>\n<p>&nbsp;<\/p>\n<p style=\"text-align: center;\"><span style=\"color: #000000;\">Per aix\u00f2 ens agrada calcular la nostra equival\u00e8ncia amb un bosc que volem fer cada any m\u00e9s verd i frond\u00f3s pel benestar del planeta. Generem i distribu\u00efm energia renovable per al consum de habitatges, fam\u00edlies i industries.<\/span><\/p>\n<p>[\/vc_column_text][vc_empty_space height=&#8221;80px&#8221;][\/vc_column][vc_column width=&#8221;1\/6&#8243;][\/vc_column][\/vc_row][vc_row css_animation=&#8221;&#8221; row_type=&#8221;row&#8221; use_row_as_full_screen_section=&#8221;no&#8221; type=&#8221;full_width&#8221; angled_section=&#8221;no&#8221; text_align=&#8221;left&#8221; background_image_as_pattern=&#8221;without_pattern&#8221;][vc_column css_animation=&#8221;fadeInRight&#8221; offset=&#8221;vc_hidden-lg vc_hidden-md&#8221;][qode_elements_holder number_of_columns=&#8221;one_column&#8221;][qode_elements_holder_item vertical_alignment=&#8221;middle&#8221; horizontal_alignment=&#8221;center&#8221; advanced_animations=&#8221;no&#8221; background_image=&#8221;189&#8243; item_padding=&#8221;20px 0px 20px 0px&#8221;][vc_empty_space height=&#8221;25px&#8221;]<div class=\"q_box_holder with_icon\" style=\"border-color: rgba(255,255,255,0.01);\"><div class=\"box_holder_icon\"><div class=\"box_holder_icon_inner small normal_icon \" style=\"\"><span data-icon-type=\"normal\"  data-icon-hover-color=\"#619a3e\" style=\"\" class=\"qode_iwt_icon_holder q_font_awsome_icon fa-2x  \"><i class=\"qode_icon_font_awesome fa fa-industry qode_iwt_icon_element\" style=\"color: #619a3e;\" ><\/i><\/span><\/div><\/div><div class=\"box_holder_inner small center\"><h2 class=\"icon_title\" style=\"color: #000000;font-weight: 800;\">640 Tn de Co2 evitades<\/h2><span class=\"separator transparent\" style=\"margin: 8px 0;\"><\/span><p style=\"color: #000000\"><\/p><\/div><\/div><div class=\"q_box_holder with_icon\" style=\"border-color: rgba(255,255,255,0.01);\"><div class=\"box_holder_icon\"><div class=\"box_holder_icon_inner small normal_icon \" style=\"\"><span data-icon-type=\"normal\"  data-icon-hover-color=\"#619a3e\" style=\"\" class=\"qode_iwt_icon_holder q_font_awsome_icon fa-2x  \"><i class=\"qode_icon_font_awesome fa fa-home qode_iwt_icon_element\" style=\"color: #619a3e;\" ><\/i><\/span><\/div><\/div><div class=\"box_holder_inner small center\"><h2 class=\"icon_title\" style=\"color: #000000;font-weight: 800;\">650 habitatges<\/h2><span class=\"separator transparent\" style=\"margin: 8px 0;\"><\/span><p style=\"color: #000000\"><\/p><\/div><\/div><div class=\"q_box_holder with_icon\" style=\"border-color: rgba(255,255,255,0.01);\"><div class=\"box_holder_icon\"><div class=\"box_holder_icon_inner small normal_icon \" style=\"\"><span data-icon-type=\"normal\"  data-icon-hover-color=\"#619a3e\" style=\"\" class=\"qode_iwt_icon_holder q_font_awsome_icon fa-2x  \"><i class=\"qode_icon_font_awesome fa fa-tree qode_iwt_icon_element\" style=\"color: #619a3e;\" ><\/i><\/span><\/div><\/div><div class=\"box_holder_inner small center\"><h2 class=\"icon_title\" style=\"color: #000000;font-weight: 800;\">2036 arbres<\/h2><span class=\"separator transparent\" style=\"margin: 8px 0;\"><\/span><p style=\"color: #000000\"><\/p><\/div><\/div><div class=\"q_box_holder with_icon\" style=\"border-color: rgba(255,255,255,0.01);\"><div class=\"box_holder_icon\"><div class=\"box_holder_icon_inner small normal_icon \" style=\"\"><span data-icon-type=\"normal\"  data-icon-hover-color=\"#619a3e\" style=\"\" class=\"qode_iwt_icon_holder q_font_awsome_icon fa-2x  \"><i class=\"qode_icon_font_awesome fa fa-users qode_iwt_icon_element\" style=\"color: #619a3e;\" ><\/i><\/span><\/div><\/div><div class=\"box_holder_inner small center\"><h2 class=\"icon_title\" style=\"color: #000000;font-weight: 800;\">1644 habitants<\/h2><span class=\"separator transparent\" style=\"margin: 8px 0;\"><\/span><p style=\"color: #000000\"><\/p><\/div><\/div>[\/qode_elements_holder_item][\/qode_elements_holder][\/vc_column][\/vc_row][vc_row css_animation=&#8221;&#8221; row_type=&#8221;row&#8221; use_row_as_full_screen_section=&#8221;no&#8221; type=&#8221;full_width&#8221; angled_section=&#8221;no&#8221; text_align=&#8221;center&#8221; background_image_as_pattern=&#8221;without_pattern&#8221; background_image=&#8221;189&#8243; z_index=&#8221;&#8221;][vc_column css_animation=&#8221;none&#8221; width=&#8221;1\/4&#8243; offset=&#8221;vc_hidden-sm vc_hidden-xs&#8221;][vc_empty_space height=&#8221;100px&#8221;][vc_single_image image=&#8221;437&#8243; img_size=&#8221;100&#215;100&#8243; alignment=&#8221;center&#8221; qode_css_animation=&#8221;&#8221;]<div class=\"q_counter_holder  center\" style=\"\" data-digit=\"640\"><span class=\"counter  zero\" style=\"color: #619a3d;font-size: 45px;font-weight: 700;\">640<\/span><p class=\"counter_text\" style=\"font-size: 20px;text-transform: none;color: #000000;\">Tn de Co2 evitades<\/p><\/div>[vc_empty_space height=&#8221;100px&#8221;][\/vc_column][vc_column width=&#8221;1\/4&#8243; offset=&#8221;vc_hidden-sm vc_hidden-xs&#8221;][vc_empty_space height=&#8221;100px&#8221;][vc_single_image image=&#8221;438&#8243; img_size=&#8221;100&#215;100&#8243; alignment=&#8221;center&#8221; qode_css_animation=&#8221;&#8221;]<div class=\"q_counter_holder  center\" style=\"\" data-digit=\"650\"><span class=\"counter  zero\" style=\"color: #619a3d;font-size: 45px;font-weight: 700;\">650<\/span><p class=\"counter_text\" style=\"font-size: 20px;text-transform: none;color: #000000;\">Habitatges<\/p><\/div>[vc_empty_space height=&#8221;100px&#8221;][\/vc_column][vc_column width=&#8221;1\/4&#8243; offset=&#8221;vc_hidden-sm vc_hidden-xs&#8221;][vc_empty_space height=&#8221;100px&#8221;][vc_single_image image=&#8221;439&#8243; img_size=&#8221;100&#215;100&#8243; alignment=&#8221;center&#8221; qode_css_animation=&#8221;&#8221;]<div class=\"q_counter_holder  center\" style=\"\" data-digit=\"2036\"><span class=\"counter  zero\" style=\"color: #619a3d;font-size: 45px;font-weight: 700;\">2036<\/span><p class=\"counter_text\" style=\"font-size: 20px;text-transform: none;color: #000000;\">Arbres<\/p><\/div>[vc_empty_space height=&#8221;100px&#8221;][\/vc_column][vc_column width=&#8221;1\/4&#8243; offset=&#8221;vc_hidden-sm vc_hidden-xs&#8221;][vc_empty_space height=&#8221;100px&#8221;][vc_single_image image=&#8221;440&#8243; img_size=&#8221;100&#215;100&#8243; alignment=&#8221;center&#8221; qode_css_animation=&#8221;&#8221;]<div class=\"q_counter_holder  center\" style=\"\" data-digit=\"1644\"><span class=\"counter  zero\" style=\"color: #619a3d;font-size: 45px;font-weight: 700;\">1644<\/span><p class=\"counter_text\" style=\"font-size: 20px;text-transform: none;color: #000000;\">Habitants<\/p><\/div>[vc_empty_space height=&#8221;100px&#8221;][\/vc_column][\/vc_row]<\/p>\n<\/section>","protected":false},"excerpt":{"rendered":"<p>[vc_row css_animation=&#8221;&#8221; row_type=&#8221;row&#8221; use_row_as_full_screen_section=&#8221;no&#8221; type=&#8221;grid&#8221; angled_section=&#8221;no&#8221; text_align=&#8221;left&#8221; background_image_as_pattern=&#8221;without_pattern&#8221; z_index=&#8221;&#8221;][vc_column width=&#8221;1\/6&#8243;][\/vc_column][vc_column width=&#8221;2\/3&#8243;][vc_empty_space height=&#8221;50px&#8221;][vc_column_text] INDICADORS [\/vc_column_text][vc_empty_space height=&#8221;25px&#8221;][vc_column_text] Actualitzem els nostres indicadors de sostenibilitat. Prenergy treballa intensament en nous projectes que es fan realitat mes a mes. Amb la nostra activitat, contribu\u00efm a la transici\u00f3 energ\u00e8tica i evitem&#8230;<\/p>\n","protected":false},"author":1,"featured_media":0,"parent":0,"menu_order":0,"comment_status":"closed","ping_status":"closed","template":"full_width.php","meta":{"footnotes":""},"class_list":["post-619","page","type-page","status-publish","hentry"],"yoast_head":"<!-- This site is optimized with the Yoast SEO plugin v27.2 - https:\/\/yoast.com\/product\/yoast-seo-wordpress\/ -->\n<title>INDICADORS - PRENERGY<\/title>\n<meta name=\"robots\" content=\"index, follow, max-snippet:-1, max-image-preview:large, max-video-preview:-1\" \/>\n<link rel=\"canonical\" href=\"https:\/\/prenergy.es\/ca\/indicadors\/\" \/>\n<meta property=\"og:locale\" content=\"ca_ES\" \/>\n<meta property=\"og:type\" content=\"article\" \/>\n<meta property=\"og:title\" content=\"INDICADORS - PRENERGY\" \/>\n<meta property=\"og:description\" content=\"[vc_row css_animation=&#8221;&#8221; row_type=&#8221;row&#8221; use_row_as_full_screen_section=&#8221;no&#8221; type=&#8221;grid&#8221; angled_section=&#8221;no&#8221; text_align=&#8221;left&#8221; background_image_as_pattern=&#8221;without_pattern&#8221; z_index=&#8221;&#8221;][vc_column width=&#8221;1\/6&#8243;][\/vc_column][vc_column width=&#8221;2\/3&#8243;][vc_empty_space height=&#8221;50px&#8221;][vc_column_text] INDICADORS [\/vc_column_text][vc_empty_space height=&#8221;25px&#8221;][vc_column_text] Actualitzem els nostres indicadors de sostenibilitat. Prenergy treballa intensament en nous projectes que es fan realitat mes a mes. Amb la nostra activitat, contribu\u00efm a la transici\u00f3 energ\u00e8tica i evitem...\" \/>\n<meta property=\"og:url\" content=\"https:\/\/prenergy.es\/ca\/indicadors\/\" \/>\n<meta property=\"og:site_name\" content=\"PRENERGY\" \/>\n<meta property=\"article:modified_time\" content=\"2023-11-02T15:17:47+00:00\" \/>\n<meta property=\"og:image\" content=\"https:\/\/www.rubau.com\/wp-content\/themes\/rubau\/img\/filet.png\" \/>\n<meta name=\"twitter:card\" content=\"summary_large_image\" \/>\n<meta name=\"twitter:label1\" content=\"Temps estimat de lectura\" \/>\n\t<meta name=\"twitter:data1\" content=\"4 minuts\" \/>\n<script type=\"application\/ld+json\" class=\"yoast-schema-graph\">{\"@context\":\"https:\/\/schema.org\",\"@graph\":[{\"@type\":\"WebPage\",\"@id\":\"https:\/\/prenergy.es\/ca\/indicadors\/\",\"url\":\"https:\/\/prenergy.es\/ca\/indicadors\/\",\"name\":\"INDICADORS - PRENERGY\",\"isPartOf\":{\"@id\":\"https:\/\/prenergy.es\/ca\/#website\"},\"primaryImageOfPage\":{\"@id\":\"https:\/\/prenergy.es\/ca\/indicadors\/#primaryimage\"},\"image\":{\"@id\":\"https:\/\/prenergy.es\/ca\/indicadors\/#primaryimage\"},\"thumbnailUrl\":\"https:\/\/www.rubau.com\/wp-content\/themes\/rubau\/img\/filet.png\",\"datePublished\":\"2023-06-19T08:19:34+00:00\",\"dateModified\":\"2023-11-02T15:17:47+00:00\",\"breadcrumb\":{\"@id\":\"https:\/\/prenergy.es\/ca\/indicadors\/#breadcrumb\"},\"inLanguage\":\"ca\",\"potentialAction\":[{\"@type\":\"ReadAction\",\"target\":[\"https:\/\/prenergy.es\/ca\/indicadors\/\"]}]},{\"@type\":\"ImageObject\",\"inLanguage\":\"ca\",\"@id\":\"https:\/\/prenergy.es\/ca\/indicadors\/#primaryimage\",\"url\":\"https:\/\/www.rubau.com\/wp-content\/themes\/rubau\/img\/filet.png\",\"contentUrl\":\"https:\/\/www.rubau.com\/wp-content\/themes\/rubau\/img\/filet.png\"},{\"@type\":\"BreadcrumbList\",\"@id\":\"https:\/\/prenergy.es\/ca\/indicadors\/#breadcrumb\",\"itemListElement\":[{\"@type\":\"ListItem\",\"position\":1,\"name\":\"Portada\",\"item\":\"https:\/\/prenergy.es\/ca\/\"},{\"@type\":\"ListItem\",\"position\":2,\"name\":\"INDICADORS\"}]},{\"@type\":\"WebSite\",\"@id\":\"https:\/\/prenergy.es\/ca\/#website\",\"url\":\"https:\/\/prenergy.es\/ca\/\",\"name\":\"PRENERGY\",\"description\":\"Prime Rubau Energy\",\"potentialAction\":[{\"@type\":\"SearchAction\",\"target\":{\"@type\":\"EntryPoint\",\"urlTemplate\":\"https:\/\/prenergy.es\/ca\/?s={search_term_string}\"},\"query-input\":{\"@type\":\"PropertyValueSpecification\",\"valueRequired\":true,\"valueName\":\"search_term_string\"}}],\"inLanguage\":\"ca\"}]}<\/script>\n<!-- \/ Yoast SEO plugin. -->","yoast_head_json":{"title":"INDICADORS - PRENERGY","robots":{"index":"index","follow":"follow","max-snippet":"max-snippet:-1","max-image-preview":"max-image-preview:large","max-video-preview":"max-video-preview:-1"},"canonical":"https:\/\/prenergy.es\/ca\/indicadors\/","og_locale":"ca_ES","og_type":"article","og_title":"INDICADORS - PRENERGY","og_description":"[vc_row css_animation=&#8221;&#8221; row_type=&#8221;row&#8221; use_row_as_full_screen_section=&#8221;no&#8221; type=&#8221;grid&#8221; angled_section=&#8221;no&#8221; text_align=&#8221;left&#8221; background_image_as_pattern=&#8221;without_pattern&#8221; z_index=&#8221;&#8221;][vc_column width=&#8221;1\/6&#8243;][\/vc_column][vc_column width=&#8221;2\/3&#8243;][vc_empty_space height=&#8221;50px&#8221;][vc_column_text] INDICADORS [\/vc_column_text][vc_empty_space height=&#8221;25px&#8221;][vc_column_text] Actualitzem els nostres indicadors de sostenibilitat. Prenergy treballa intensament en nous projectes que es fan realitat mes a mes. Amb la nostra activitat, contribu\u00efm a la transici\u00f3 energ\u00e8tica i evitem...","og_url":"https:\/\/prenergy.es\/ca\/indicadors\/","og_site_name":"PRENERGY","article_modified_time":"2023-11-02T15:17:47+00:00","og_image":[{"url":"https:\/\/www.rubau.com\/wp-content\/themes\/rubau\/img\/filet.png","type":"","width":"","height":""}],"twitter_card":"summary_large_image","twitter_misc":{"Temps estimat de lectura":"4 minuts"},"schema":{"@context":"https:\/\/schema.org","@graph":[{"@type":"WebPage","@id":"https:\/\/prenergy.es\/ca\/indicadors\/","url":"https:\/\/prenergy.es\/ca\/indicadors\/","name":"INDICADORS - PRENERGY","isPartOf":{"@id":"https:\/\/prenergy.es\/ca\/#website"},"primaryImageOfPage":{"@id":"https:\/\/prenergy.es\/ca\/indicadors\/#primaryimage"},"image":{"@id":"https:\/\/prenergy.es\/ca\/indicadors\/#primaryimage"},"thumbnailUrl":"https:\/\/www.rubau.com\/wp-content\/themes\/rubau\/img\/filet.png","datePublished":"2023-06-19T08:19:34+00:00","dateModified":"2023-11-02T15:17:47+00:00","breadcrumb":{"@id":"https:\/\/prenergy.es\/ca\/indicadors\/#breadcrumb"},"inLanguage":"ca","potentialAction":[{"@type":"ReadAction","target":["https:\/\/prenergy.es\/ca\/indicadors\/"]}]},{"@type":"ImageObject","inLanguage":"ca","@id":"https:\/\/prenergy.es\/ca\/indicadors\/#primaryimage","url":"https:\/\/www.rubau.com\/wp-content\/themes\/rubau\/img\/filet.png","contentUrl":"https:\/\/www.rubau.com\/wp-content\/themes\/rubau\/img\/filet.png"},{"@type":"BreadcrumbList","@id":"https:\/\/prenergy.es\/ca\/indicadors\/#breadcrumb","itemListElement":[{"@type":"ListItem","position":1,"name":"Portada","item":"https:\/\/prenergy.es\/ca\/"},{"@type":"ListItem","position":2,"name":"INDICADORS"}]},{"@type":"WebSite","@id":"https:\/\/prenergy.es\/ca\/#website","url":"https:\/\/prenergy.es\/ca\/","name":"PRENERGY","description":"Prime Rubau Energy","potentialAction":[{"@type":"SearchAction","target":{"@type":"EntryPoint","urlTemplate":"https:\/\/prenergy.es\/ca\/?s={search_term_string}"},"query-input":{"@type":"PropertyValueSpecification","valueRequired":true,"valueName":"search_term_string"}}],"inLanguage":"ca"}]}},"jetpack_sharing_enabled":true,"_links":{"self":[{"href":"https:\/\/prenergy.es\/ca\/wp-json\/wp\/v2\/pages\/619","targetHints":{"allow":["GET"]}}],"collection":[{"href":"https:\/\/prenergy.es\/ca\/wp-json\/wp\/v2\/pages"}],"about":[{"href":"https:\/\/prenergy.es\/ca\/wp-json\/wp\/v2\/types\/page"}],"author":[{"embeddable":true,"href":"https:\/\/prenergy.es\/ca\/wp-json\/wp\/v2\/users\/1"}],"replies":[{"embeddable":true,"href":"https:\/\/prenergy.es\/ca\/wp-json\/wp\/v2\/comments?post=619"}],"version-history":[{"count":2,"href":"https:\/\/prenergy.es\/ca\/wp-json\/wp\/v2\/pages\/619\/revisions"}],"predecessor-version":[{"id":621,"href":"https:\/\/prenergy.es\/ca\/wp-json\/wp\/v2\/pages\/619\/revisions\/621"}],"wp:attachment":[{"href":"https:\/\/prenergy.es\/ca\/wp-json\/wp\/v2\/media?parent=619"}],"curies":[{"name":"wp","href":"https:\/\/api.w.org\/{rel}","templated":true}]}}