{"id":630,"date":"2023-06-13T06:37:09","date_gmt":"2023-06-13T04:37:09","guid":{"rendered":"https:\/\/prenergy.es\/noticies\/"},"modified":"2023-11-03T11:12:59","modified_gmt":"2023-11-03T10:12:59","slug":"noticies","status":"publish","type":"page","link":"https:\/\/prenergy.es\/ca\/noticies\/","title":{"rendered":"NOT\u00cdCIES"},"content":{"rendered":"<section class=\"wpb-content-wrapper\"><p>[vc_row css_animation=&#8221;&#8221; row_type=&#8221;row&#8221; use_row_as_full_screen_section=&#8221;no&#8221; type=&#8221;full_width&#8221; angled_section=&#8221;no&#8221; text_align=&#8221;left&#8221; background_image_as_pattern=&#8221;without_pattern&#8221; z_index=&#8221;&#8221;][vc_column][vc_single_image image=&#8221;90&#8243; img_size=&#8221;full&#8221; qode_css_animation=&#8221;&#8221;][\/vc_column][\/vc_row][vc_row css_animation=&#8221;&#8221; row_type=&#8221;row&#8221; use_row_as_full_screen_section=&#8221;no&#8221; type=&#8221;full_width&#8221; angled_section=&#8221;no&#8221; text_align=&#8221;left&#8221; background_image_as_pattern=&#8221;without_pattern&#8221;][vc_column][vc_empty_space height=&#8221;50px&#8221;][\/vc_column][\/vc_row][vc_row css_animation=&#8221;&#8221; row_type=&#8221;row&#8221; use_row_as_full_screen_section=&#8221;no&#8221; type=&#8221;grid&#8221; angled_section=&#8221;no&#8221; text_align=&#8221;left&#8221; background_image_as_pattern=&#8221;without_pattern&#8221; z_index=&#8221;&#8221;][vc_column][vc_column_text]<\/p>\n<p style=\"text-align: center;\"><strong><img decoding=\"async\" class=\"alignnone\" src=\"https:\/\/www.rubau.com\/wp-content\/themes\/rubau\/img\/filet.png\"> NOT\u00cdCIES <img decoding=\"async\" class=\"alignnone\" src=\"https:\/\/www.rubau.com\/wp-content\/themes\/rubau\/img\/filet.png\"><\/strong><\/p>\n<p>[\/vc_column_text][\/vc_column][\/vc_row][vc_row css_animation=&#8221;&#8221; row_type=&#8221;row&#8221; use_row_as_full_screen_section=&#8221;no&#8221; type=&#8221;full_width&#8221; angled_section=&#8221;no&#8221; text_align=&#8221;left&#8221; background_image_as_pattern=&#8221;without_pattern&#8221;][vc_column][vc_empty_space height=&#8221;50px&#8221;][\/vc_column][\/vc_row][vc_row css_animation=&#8221;&#8221; row_type=&#8221;row&#8221; use_row_as_full_screen_section=&#8221;no&#8221; type=&#8221;grid&#8221; angled_section=&#8221;no&#8221; text_align=&#8221;left&#8221; background_image_as_pattern=&#8221;without_pattern&#8221; z_index=&#8221;&#8221;][vc_column]<div class='q_masonry_blog'><div class=\"q_masonry_blog_grid_sizer\"><\/div><div class=\"q_masonry_blog_grid_gutter\"><\/div><article  class='post-1006 post type-post status-publish format-standard has-post-thumbnail hentry category-sin-categorizar-ca '><div class=\"q_masonry_blog_post_image\"><a itemprop=\"url\" href=\"https:\/\/prenergy.es\/ca\/ferran-garrigosa-director-de-prenergy-destaca-en-rtve-el-papel-clave-del-almacenamiento-energetico-en-cataluna\/\" target=\"_self\"><img decoding=\"async\" itemprop=\"image\" src=\"https:\/\/prenergy.es\/wp-content\/uploads\/2025\/06\/WhatsApp-Image-2025-06-25-at-09.18.56.jpeg\" \/><\/a><\/div><div class=\"q_masonry_blog_post_text\"><h2 itemprop=\"name\" class=\"q_masonry_blog_title entry_title\"><a itemprop=\"url\" href=\"https:\/\/prenergy.es\/ca\/ferran-garrigosa-director-de-prenergy-destaca-en-rtve-el-papel-clave-del-almacenamiento-energetico-en-cataluna\/\">FERRAN GARRIGOSA, DIRECTOR DE PRENERGY, DESTACA A RTVE EL PAPER CLAU DE L\u2019EMMAGATZEMATGE ENERG\u00c8TIC A CATALUNYA<\/a><\/h2><p itemprop=\"description\" class=\"q_masonry_blog_excerpt\">El passat 21 de juny, Ferran Garrigosa, director de Prenergy, va participar en un reportatge em\u00e8s p...<\/p><div class=\"q_masonry_blog_post_info\"><\/div><\/div><\/article><article  class='post-987 post type-post status-publish format-standard has-post-thumbnail hentry category-sin-categorizar-ca '><div class=\"q_masonry_blog_post_image\"><a itemprop=\"url\" href=\"https:\/\/prenergy.es\/ca\/el-parque-solar-de-vidreres-recibe-la-visita-del-director-general-de-politicas-medioambientales-de-la-generalitat\/\" target=\"_self\"><img decoding=\"async\" itemprop=\"image\" src=\"https:\/\/prenergy.es\/wp-content\/uploads\/2024\/12\/Visita-Parque-solar-Vidreres.png\" \/><\/a><\/div><div class=\"q_masonry_blog_post_text\"><h2 itemprop=\"name\" class=\"q_masonry_blog_title entry_title\"><a itemprop=\"url\" href=\"https:\/\/prenergy.es\/ca\/el-parque-solar-de-vidreres-recibe-la-visita-del-director-general-de-politicas-medioambientales-de-la-generalitat\/\">EL PARC SOLAR DE VIDRERES REP LA VISITA DEL DIRECTOR GENERAL DE POL\u00cdTIQUES AMBIENTALS DE LA GENERALITAT<\/a><\/h2><p itemprop=\"description\" class=\"q_masonry_blog_excerpt\">El director general de Pol\u00edtiques Ambientals i Medi Natural de la Generalitat, Marc Vilahur, i el d...<\/p><div class=\"q_masonry_blog_post_info\"><\/div><\/div><\/article><article  class='post-973 post type-post status-publish format-standard has-post-thumbnail hentry category-sin-categorizar-ca '><div class=\"q_masonry_blog_post_image\"><a itemprop=\"url\" href=\"https:\/\/prenergy.es\/ca\/el-parque-solar-de-vidreres-de-prenergy-sera-el-primero-100-publico-de-cataluna\/\" target=\"_self\"><img decoding=\"async\" itemprop=\"image\" src=\"https:\/\/prenergy.es\/wp-content\/uploads\/2024\/10\/00_2024_10_11-scaled.jpg\" \/><\/a><\/div><div class=\"q_masonry_blog_post_text\"><h2 itemprop=\"name\" class=\"q_masonry_blog_title entry_title\"><a itemprop=\"url\" href=\"https:\/\/prenergy.es\/ca\/el-parque-solar-de-vidreres-de-prenergy-sera-el-primero-100-publico-de-cataluna\/\">EL PARC SOLAR DE VIDRERES DE PRENERGY SER\u00c0 EL PRIMER 100% P\u00daBLIC DE CATALUNYA<\/a><\/h2><p itemprop=\"description\" class=\"q_masonry_blog_excerpt\">L&#8217;Energ\u00e8tica, l&#8217;empresa p\u00fablica de la Generalitat de Catalunya per a la producci\u00f3 i s...<\/p><div class=\"q_masonry_blog_post_info\"><\/div><\/div><\/article><article  class='post-958 post type-post status-publish format-standard has-post-thumbnail hentry category-sin-categorizar-ca '><div class=\"q_masonry_blog_post_image\"><a itemprop=\"url\" href=\"https:\/\/prenergy.es\/ca\/prenergy-promovera-la-sostenibilidad-y-la-eficiencia-energetica-en-el-poligono-industrial-de-riudellots-de-la-selva\/\" target=\"_self\"><img decoding=\"async\" itemprop=\"image\" src=\"https:\/\/prenergy.es\/wp-content\/uploads\/2024\/03\/El-texto-del-parrafo.jpg\" \/><\/a><\/div><div class=\"q_masonry_blog_post_text\"><h2 itemprop=\"name\" class=\"q_masonry_blog_title entry_title\"><a itemprop=\"url\" href=\"https:\/\/prenergy.es\/ca\/prenergy-promovera-la-sostenibilidad-y-la-eficiencia-energetica-en-el-poligono-industrial-de-riudellots-de-la-selva\/\">Prenergy promour\u00e0 la sostenibilitat i l&#8217;efici\u00e8ncia energ\u00e8tica al pol\u00edgon industrial de Riudellots de la Selva<\/a><\/h2><p itemprop=\"description\" class=\"q_masonry_blog_excerpt\">Prenergy, juntament amb Solventa 6, ha signat un acord amb l&#8217;Associaci\u00f3 de Propietaris del Po...<\/p><div class=\"q_masonry_blog_post_info\"><\/div><\/div><\/article><article  class='post-925 post type-post status-publish format-standard has-post-thumbnail hentry category-sin-categorizar '><div class=\"q_masonry_blog_post_image\"><a itemprop=\"url\" href=\"https:\/\/prenergy.es\/ca\/prenergy-construeix-el-primer-projecte-residencial-del-programa-mes-barcelona\/\" target=\"_self\"><img decoding=\"async\" itemprop=\"image\" src=\"https:\/\/prenergy.es\/wp-content\/uploads\/2023\/12\/1701272822020-1.jpg\" \/><\/a><\/div><div class=\"q_masonry_blog_post_text\"><h2 itemprop=\"name\" class=\"q_masonry_blog_title entry_title\"><a itemprop=\"url\" href=\"https:\/\/prenergy.es\/ca\/prenergy-construeix-el-primer-projecte-residencial-del-programa-mes-barcelona\/\">Prenergy construeix el primer projecte residencial del programa MES Barcelona<\/a><\/h2><p itemprop=\"description\" class=\"q_masonry_blog_excerpt\">PRENERGY, la filial especialitzada en energies renovables i efici\u00e8ncia energ\u00e8tica del Grup RUBAU, ...<\/p><div class=\"q_masonry_blog_post_info\"><\/div><\/div><\/article><article  class='post-649 post type-post status-publish format-standard has-post-thumbnail hentry category-sin-categorizar '><div class=\"q_masonry_blog_post_image\"><a itemprop=\"url\" href=\"https:\/\/prenergy.es\/ca\/prenergy-inicia-a-vidreres-la-installacio-dun-parc-solar-de-34-mw-de-potencia\/\" target=\"_self\"><img decoding=\"async\" itemprop=\"image\" src=\"https:\/\/prenergy.es\/wp-content\/uploads\/2023\/06\/iss_3074_01485-scaled.jpg\" \/><\/a><\/div><div class=\"q_masonry_blog_post_text\"><h2 itemprop=\"name\" class=\"q_masonry_blog_title entry_title\"><a itemprop=\"url\" href=\"https:\/\/prenergy.es\/ca\/prenergy-inicia-a-vidreres-la-installacio-dun-parc-solar-de-34-mw-de-potencia\/\">Prenergy inicia a Vidreres la instal\u00b7laci\u00f3 d&#8217;un parc solar de 3,4 MW de pot\u00e8ncia<\/a><\/h2><p itemprop=\"description\" class=\"q_masonry_blog_excerpt\">Prenergy iniciar\u00e0 al segon semestre de 2023 els treballs de subministrament i instal\u00b7laci\u00f3 d&#821...<\/p><div class=\"q_masonry_blog_post_info\"><\/div><\/div><\/article><article  class='post-650 post type-post status-publish format-standard has-post-thumbnail hentry category-sin-categorizar '><div class=\"q_masonry_blog_post_image\"><a itemprop=\"url\" href=\"https:\/\/prenergy.es\/ca\/prenergy-tanca-el-seu-primer-contracte-bilateral-ppa-per-a-client-industrial-a-sant-feliu-de-buixalleu\/\" target=\"_self\"><img decoding=\"async\" itemprop=\"image\" src=\"https:\/\/prenergy.es\/wp-content\/uploads\/2023\/06\/sant-feliu-de-buixalleu.png\" \/><\/a><\/div><div class=\"q_masonry_blog_post_text\"><h2 itemprop=\"name\" class=\"q_masonry_blog_title entry_title\"><a itemprop=\"url\" href=\"https:\/\/prenergy.es\/ca\/prenergy-tanca-el-seu-primer-contracte-bilateral-ppa-per-a-client-industrial-a-sant-feliu-de-buixalleu\/\">Prenergy tanca el seu primer contracte bilateral (PPA) per a client industrial a Sant Feliu de Buixalleu<\/a><\/h2><p itemprop=\"description\" class=\"q_masonry_blog_excerpt\">Prenergy (Prime Rubau Energy), la filial de serveis energ\u00e8tics del Grup Rubau, ha tancat el seu pri...<\/p><div class=\"q_masonry_blog_post_info\"><\/div><\/div><\/article><article  class='post-651 post type-post status-publish format-standard has-post-thumbnail hentry category-sin-categorizar '><div class=\"q_masonry_blog_post_image\"><a itemprop=\"url\" href=\"https:\/\/prenergy.es\/ca\/prenergy-grup-rubau-electrifica-la-nova-terminal-del-port-de-barcelona\/\" target=\"_self\"><img decoding=\"async\" itemprop=\"image\" src=\"https:\/\/prenergy.es\/wp-content\/uploads\/2023\/06\/terminal-Port-Barcelona-PRENERGU.jpg\" \/><\/a><\/div><div class=\"q_masonry_blog_post_text\"><h2 itemprop=\"name\" class=\"q_masonry_blog_title entry_title\"><a itemprop=\"url\" href=\"https:\/\/prenergy.es\/ca\/prenergy-grup-rubau-electrifica-la-nova-terminal-del-port-de-barcelona\/\">PRENERGY (Grup Rubau) electrifica la nova terminal del Port de Barcelona<\/a><\/h2><p itemprop=\"description\" class=\"q_masonry_blog_excerpt\">Prenergy (Prime Rubau Energy), la filial de serveis energ\u00e8tics del Grup Rubau, s&#8217;ha adjudicat...<\/p><div class=\"q_masonry_blog_post_info\"><\/div><\/div><\/article><article  class='post-652 post type-post status-publish format-standard has-post-thumbnail hentry category-sin-categorizar '><div class=\"q_masonry_blog_post_image\"><a itemprop=\"url\" href=\"https:\/\/prenergy.es\/ca\/prenergy-genera-energia-fotovoltaica-per-a-lautoconsum-de-la-depuradora-de-tivenys\/\" target=\"_self\"><img decoding=\"async\" itemprop=\"image\" src=\"https:\/\/prenergy.es\/wp-content\/uploads\/2023\/06\/EDAR-TIVENYS.jpeg\" \/><\/a><\/div><div class=\"q_masonry_blog_post_text\"><h2 itemprop=\"name\" class=\"q_masonry_blog_title entry_title\"><a itemprop=\"url\" href=\"https:\/\/prenergy.es\/ca\/prenergy-genera-energia-fotovoltaica-per-a-lautoconsum-de-la-depuradora-de-tivenys\/\">Prenergy genera energia fotovoltaica per a l&#8217;autoconsum de la depuradora de Tivenys<\/a><\/h2><p itemprop=\"description\" class=\"q_masonry_blog_excerpt\">Prenergy, la filial de serveis energ\u00e8tics de GRUP RUBAU, especialista en energies renovables i efic...<\/p><div class=\"q_masonry_blog_post_info\"><\/div><\/div><\/article><article  class='post-648 post type-post status-publish format-standard has-post-thumbnail hentry category-sin-categorizar '><div class=\"q_masonry_blog_post_image\"><a itemprop=\"url\" href=\"https:\/\/prenergy.es\/ca\/prenergy-rubau-shomologa-com-a-empresa-energetica-pel-projecte-mes-barcelona\/\" target=\"_self\"><img decoding=\"async\" itemprop=\"image\" src=\"https:\/\/prenergy.es\/wp-content\/uploads\/2018\/08\/EMPRESA-ENERGETICA-prenergy-e1686568824123.png\" \/><\/a><\/div><div class=\"q_masonry_blog_post_text\"><h2 itemprop=\"name\" class=\"q_masonry_blog_title entry_title\"><a itemprop=\"url\" href=\"https:\/\/prenergy.es\/ca\/prenergy-rubau-shomologa-com-a-empresa-energetica-pel-projecte-mes-barcelona\/\">Prenergy (Rubau) s&#8217;homologa com a empresa energ\u00e8tica pel projecte MES BARCELONA<\/a><\/h2><p itemprop=\"description\" class=\"q_masonry_blog_excerpt\">GRUP RUBAU, donant exemple del seu comprom\u00eds amb la transici\u00f3 ecol\u00f2gica i el desenvolupament sost...<\/p><div class=\"q_masonry_blog_post_info\"><\/div><\/div><\/article><\/div>[\/vc_column][\/vc_row][vc_row css_animation=&#8221;&#8221; row_type=&#8221;row&#8221; use_row_as_full_screen_section=&#8221;no&#8221; type=&#8221;full_width&#8221; angled_section=&#8221;no&#8221; text_align=&#8221;left&#8221; background_image_as_pattern=&#8221;without_pattern&#8221;][vc_column][vc_empty_space height=&#8221;50px&#8221;][\/vc_column][\/vc_row]<\/p>\n<\/section>","protected":false},"excerpt":{"rendered":"<p>[vc_row css_animation=&#8221;&#8221; row_type=&#8221;row&#8221; use_row_as_full_screen_section=&#8221;no&#8221; type=&#8221;full_width&#8221; angled_section=&#8221;no&#8221; text_align=&#8221;left&#8221; background_image_as_pattern=&#8221;without_pattern&#8221; z_index=&#8221;&#8221;][vc_column][vc_single_image image=&#8221;90&#8243; img_size=&#8221;full&#8221; qode_css_animation=&#8221;&#8221;][\/vc_column][\/vc_row][vc_row css_animation=&#8221;&#8221; row_type=&#8221;row&#8221; use_row_as_full_screen_section=&#8221;no&#8221; type=&#8221;full_width&#8221; angled_section=&#8221;no&#8221; text_align=&#8221;left&#8221; background_image_as_pattern=&#8221;without_pattern&#8221;][vc_column][vc_empty_space height=&#8221;50px&#8221;][\/vc_column][\/vc_row][vc_row css_animation=&#8221;&#8221; row_type=&#8221;row&#8221; use_row_as_full_screen_section=&#8221;no&#8221; type=&#8221;grid&#8221; angled_section=&#8221;no&#8221; text_align=&#8221;left&#8221; background_image_as_pattern=&#8221;without_pattern&#8221; z_index=&#8221;&#8221;][vc_column][vc_column_text] NOT\u00cdCIES [\/vc_column_text][\/vc_column][\/vc_row][vc_row css_animation=&#8221;&#8221; row_type=&#8221;row&#8221; use_row_as_full_screen_section=&#8221;no&#8221; type=&#8221;full_width&#8221; angled_section=&#8221;no&#8221; text_align=&#8221;left&#8221; background_image_as_pattern=&#8221;without_pattern&#8221;][vc_column][vc_empty_space height=&#8221;50px&#8221;][\/vc_column][\/vc_row][vc_row css_animation=&#8221;&#8221; row_type=&#8221;row&#8221; use_row_as_full_screen_section=&#8221;no&#8221; type=&#8221;grid&#8221; angled_section=&#8221;no&#8221; text_align=&#8221;left&#8221; background_image_as_pattern=&#8221;without_pattern&#8221;&#8230;<\/p>\n","protected":false},"author":1,"featured_media":521,"parent":0,"menu_order":0,"comment_status":"closed","ping_status":"closed","template":"full_width.php","meta":{"footnotes":""},"class_list":["post-630","page","type-page","status-publish","has-post-thumbnail","hentry"],"yoast_head":"<!-- This site is optimized with the Yoast SEO plugin v27.2 - https:\/\/yoast.com\/product\/yoast-seo-wordpress\/ -->\n<title>NOT\u00cdCIES - PRENERGY<\/title>\n<meta name=\"description\" content=\"Informa&#039;t i descobreix en aquesta p\u00e0gina totes les not\u00edcies relacionades amb Prenergy i la transici\u00f3 energ\u00e8tica sostenible.\" \/>\n<meta name=\"robots\" content=\"index, follow, max-snippet:-1, max-image-preview:large, max-video-preview:-1\" \/>\n<link rel=\"canonical\" href=\"https:\/\/prenergy.es\/ca\/noticies\/\" \/>\n<meta property=\"og:locale\" content=\"ca_ES\" \/>\n<meta property=\"og:type\" content=\"article\" \/>\n<meta property=\"og:title\" content=\"NOT\u00cdCIES - PRENERGY\" \/>\n<meta property=\"og:description\" content=\"Informa&#039;t i descobreix en aquesta p\u00e0gina totes les not\u00edcies relacionades amb Prenergy i la transici\u00f3 energ\u00e8tica sostenible.\" \/>\n<meta property=\"og:url\" content=\"https:\/\/prenergy.es\/ca\/noticies\/\" \/>\n<meta property=\"og:site_name\" content=\"PRENERGY\" \/>\n<meta property=\"article:modified_time\" content=\"2023-11-03T10:12:59+00:00\" \/>\n<meta property=\"og:image\" content=\"https:\/\/prenergy.es\/wp-content\/uploads\/2023\/06\/rubau-grupo.webp\" \/>\n\t<meta property=\"og:image:width\" content=\"815\" \/>\n\t<meta property=\"og:image:height\" content=\"425\" \/>\n\t<meta property=\"og:image:type\" content=\"image\/webp\" \/>\n<meta name=\"twitter:card\" content=\"summary_large_image\" \/>\n<meta name=\"twitter:label1\" content=\"Temps estimat de lectura\" \/>\n\t<meta name=\"twitter:data1\" content=\"1 minut\" \/>\n<script type=\"application\/ld+json\" class=\"yoast-schema-graph\">{\"@context\":\"https:\/\/schema.org\",\"@graph\":[{\"@type\":\"WebPage\",\"@id\":\"https:\/\/prenergy.es\/ca\/noticies\/\",\"url\":\"https:\/\/prenergy.es\/ca\/noticies\/\",\"name\":\"NOT\u00cdCIES - PRENERGY\",\"isPartOf\":{\"@id\":\"https:\/\/prenergy.es\/ca\/#website\"},\"primaryImageOfPage\":{\"@id\":\"https:\/\/prenergy.es\/ca\/noticies\/#primaryimage\"},\"image\":{\"@id\":\"https:\/\/prenergy.es\/ca\/noticies\/#primaryimage\"},\"thumbnailUrl\":\"https:\/\/prenergy.es\/wp-content\/uploads\/2023\/06\/rubau-grupo.webp\",\"datePublished\":\"2023-06-13T04:37:09+00:00\",\"dateModified\":\"2023-11-03T10:12:59+00:00\",\"description\":\"Informa't i descobreix en aquesta p\u00e0gina totes les not\u00edcies relacionades amb Prenergy i la transici\u00f3 energ\u00e8tica sostenible.\",\"breadcrumb\":{\"@id\":\"https:\/\/prenergy.es\/ca\/noticies\/#breadcrumb\"},\"inLanguage\":\"ca\",\"potentialAction\":[{\"@type\":\"ReadAction\",\"target\":[\"https:\/\/prenergy.es\/ca\/noticies\/\"]}]},{\"@type\":\"ImageObject\",\"inLanguage\":\"ca\",\"@id\":\"https:\/\/prenergy.es\/ca\/noticies\/#primaryimage\",\"url\":\"https:\/\/prenergy.es\/wp-content\/uploads\/2023\/06\/rubau-grupo.webp\",\"contentUrl\":\"https:\/\/prenergy.es\/wp-content\/uploads\/2023\/06\/rubau-grupo.webp\",\"width\":815,\"height\":425},{\"@type\":\"BreadcrumbList\",\"@id\":\"https:\/\/prenergy.es\/ca\/noticies\/#breadcrumb\",\"itemListElement\":[{\"@type\":\"ListItem\",\"position\":1,\"name\":\"Portada\",\"item\":\"https:\/\/prenergy.es\/ca\/\"},{\"@type\":\"ListItem\",\"position\":2,\"name\":\"NOT\u00cdCIES\"}]},{\"@type\":\"WebSite\",\"@id\":\"https:\/\/prenergy.es\/ca\/#website\",\"url\":\"https:\/\/prenergy.es\/ca\/\",\"name\":\"PRENERGY\",\"description\":\"Prime Rubau Energy\",\"potentialAction\":[{\"@type\":\"SearchAction\",\"target\":{\"@type\":\"EntryPoint\",\"urlTemplate\":\"https:\/\/prenergy.es\/ca\/?s={search_term_string}\"},\"query-input\":{\"@type\":\"PropertyValueSpecification\",\"valueRequired\":true,\"valueName\":\"search_term_string\"}}],\"inLanguage\":\"ca\"}]}<\/script>\n<!-- \/ Yoast SEO plugin. -->","yoast_head_json":{"title":"NOT\u00cdCIES - PRENERGY","description":"Informa't i descobreix en aquesta p\u00e0gina totes les not\u00edcies relacionades amb Prenergy i la transici\u00f3 energ\u00e8tica sostenible.","robots":{"index":"index","follow":"follow","max-snippet":"max-snippet:-1","max-image-preview":"max-image-preview:large","max-video-preview":"max-video-preview:-1"},"canonical":"https:\/\/prenergy.es\/ca\/noticies\/","og_locale":"ca_ES","og_type":"article","og_title":"NOT\u00cdCIES - PRENERGY","og_description":"Informa't i descobreix en aquesta p\u00e0gina totes les not\u00edcies relacionades amb Prenergy i la transici\u00f3 energ\u00e8tica sostenible.","og_url":"https:\/\/prenergy.es\/ca\/noticies\/","og_site_name":"PRENERGY","article_modified_time":"2023-11-03T10:12:59+00:00","og_image":[{"width":815,"height":425,"url":"https:\/\/prenergy.es\/wp-content\/uploads\/2023\/06\/rubau-grupo.webp","type":"image\/webp"}],"twitter_card":"summary_large_image","twitter_misc":{"Temps estimat de lectura":"1 minut"},"schema":{"@context":"https:\/\/schema.org","@graph":[{"@type":"WebPage","@id":"https:\/\/prenergy.es\/ca\/noticies\/","url":"https:\/\/prenergy.es\/ca\/noticies\/","name":"NOT\u00cdCIES - PRENERGY","isPartOf":{"@id":"https:\/\/prenergy.es\/ca\/#website"},"primaryImageOfPage":{"@id":"https:\/\/prenergy.es\/ca\/noticies\/#primaryimage"},"image":{"@id":"https:\/\/prenergy.es\/ca\/noticies\/#primaryimage"},"thumbnailUrl":"https:\/\/prenergy.es\/wp-content\/uploads\/2023\/06\/rubau-grupo.webp","datePublished":"2023-06-13T04:37:09+00:00","dateModified":"2023-11-03T10:12:59+00:00","description":"Informa't i descobreix en aquesta p\u00e0gina totes les not\u00edcies relacionades amb Prenergy i la transici\u00f3 energ\u00e8tica sostenible.","breadcrumb":{"@id":"https:\/\/prenergy.es\/ca\/noticies\/#breadcrumb"},"inLanguage":"ca","potentialAction":[{"@type":"ReadAction","target":["https:\/\/prenergy.es\/ca\/noticies\/"]}]},{"@type":"ImageObject","inLanguage":"ca","@id":"https:\/\/prenergy.es\/ca\/noticies\/#primaryimage","url":"https:\/\/prenergy.es\/wp-content\/uploads\/2023\/06\/rubau-grupo.webp","contentUrl":"https:\/\/prenergy.es\/wp-content\/uploads\/2023\/06\/rubau-grupo.webp","width":815,"height":425},{"@type":"BreadcrumbList","@id":"https:\/\/prenergy.es\/ca\/noticies\/#breadcrumb","itemListElement":[{"@type":"ListItem","position":1,"name":"Portada","item":"https:\/\/prenergy.es\/ca\/"},{"@type":"ListItem","position":2,"name":"NOT\u00cdCIES"}]},{"@type":"WebSite","@id":"https:\/\/prenergy.es\/ca\/#website","url":"https:\/\/prenergy.es\/ca\/","name":"PRENERGY","description":"Prime Rubau Energy","potentialAction":[{"@type":"SearchAction","target":{"@type":"EntryPoint","urlTemplate":"https:\/\/prenergy.es\/ca\/?s={search_term_string}"},"query-input":{"@type":"PropertyValueSpecification","valueRequired":true,"valueName":"search_term_string"}}],"inLanguage":"ca"}]}},"jetpack_sharing_enabled":true,"_links":{"self":[{"href":"https:\/\/prenergy.es\/ca\/wp-json\/wp\/v2\/pages\/630","targetHints":{"allow":["GET"]}}],"collection":[{"href":"https:\/\/prenergy.es\/ca\/wp-json\/wp\/v2\/pages"}],"about":[{"href":"https:\/\/prenergy.es\/ca\/wp-json\/wp\/v2\/types\/page"}],"author":[{"embeddable":true,"href":"https:\/\/prenergy.es\/ca\/wp-json\/wp\/v2\/users\/1"}],"replies":[{"embeddable":true,"href":"https:\/\/prenergy.es\/ca\/wp-json\/wp\/v2\/comments?post=630"}],"version-history":[{"count":2,"href":"https:\/\/prenergy.es\/ca\/wp-json\/wp\/v2\/pages\/630\/revisions"}],"predecessor-version":[{"id":632,"href":"https:\/\/prenergy.es\/ca\/wp-json\/wp\/v2\/pages\/630\/revisions\/632"}],"wp:featuredmedia":[{"embeddable":true,"href":"https:\/\/prenergy.es\/ca\/wp-json\/wp\/v2\/media\/521"}],"wp:attachment":[{"href":"https:\/\/prenergy.es\/ca\/wp-json\/wp\/v2\/media?parent=630"}],"curies":[{"name":"wp","href":"https:\/\/api.w.org\/{rel}","templated":true}]}}