{"id":633,"date":"2023-06-27T06:57:17","date_gmt":"2023-06-27T04:57:17","guid":{"rendered":"https:\/\/prenergy.es\/projectes\/"},"modified":"2023-11-03T11:19:23","modified_gmt":"2023-11-03T10:19:23","slug":"projectes","status":"publish","type":"page","link":"https:\/\/prenergy.es\/ca\/projectes\/","title":{"rendered":"PROJECTES"},"content":{"rendered":"<section class=\"wpb-content-wrapper\"><p>[vc_row css_animation=&#8221;&#8221; row_type=&#8221;row&#8221; use_row_as_full_screen_section=&#8221;no&#8221; type=&#8221;grid&#8221; angled_section=&#8221;no&#8221; text_align=&#8221;left&#8221; background_image_as_pattern=&#8221;without_pattern&#8221; z_index=&#8221;&#8221; css=&#8221;.vc_custom_1687848749743{background-image: url(http:\/\/prenergy.es\/wp-content\/uploads\/2023\/06\/PRENERGY_PROYECTOS.jpg?id=235) !important;}&#8221;][vc_column width=&#8221;1\/6&#8243;][\/vc_column][vc_column width=&#8221;2\/3&#8243;][vc_empty_space height=&#8221;50px&#8221;][vc_column_text]<\/p>\n<h4 style=\"text-align: center;\"><span style=\"color: #000000;\"><strong><img decoding=\"async\" src=\"https:\/\/www.rubau.com\/wp-content\/themes\/rubau\/img\/filet.png\"> PROJECTES <img decoding=\"async\" src=\"https:\/\/www.rubau.com\/wp-content\/themes\/rubau\/img\/filet.png\"><\/strong><\/span><\/h4>\n<p>[\/vc_column_text][vc_empty_space height=&#8221;25px&#8221;][vc_column_text]<\/p>\n<h3 style=\"text-align: center;\">Prenergy \u00e9s especialista en energies renovables i efici\u00e8ncia energ\u00e8tica de <a href=\"https:\/\/www.rubau.com\/\"><u>Grupo Rubau<\/u><\/a>. Actualitzem la relaci\u00f3 d&#8217;instal\u00b7lacions operatives que contribueixen a la transici\u00f3 energ\u00e8tica. \u00c9s la nostra contribuci\u00f3 a la millora dels indicadors de sostenibilitat i demostraci\u00f3 de la nostra aposta per l&#8217;economia circular<\/h3>\n<p>[\/vc_column_text][vc_empty_space height=&#8221;50px&#8221;][vc_column_text]<\/p>\n<p style=\"text-align: center;\"><span style=\"color: #000000;\">FV autoconsum <strong>Edifici Oficines La Galeta<\/strong><\/span><\/p>\n<p style=\"text-align: center;\"><span style=\"color: #000000;\">FV autoconsum <a style=\"color: #000000;\" href=\"https:\/\/ajuntament.barcelona.cat\/mercats\/ca\"><strong>Mercat Municipal Vall d&#8217;Hebr\u00f3n<\/strong><\/a><\/span><\/p>\n<p style=\"text-align: center;\"><span style=\"color: #000000;\">FV a terra i p\u00e8rgola amb punt de rec\u00e0rrega <strong>VE empresa Sta. Cec\u00edlia Voltreg\u00e0<\/strong><\/span><\/p>\n<p style=\"text-align: center;\"><span style=\"color: #000000;\">FV Autoconsum Centre Comercial<a style=\"color: #000000;\" href=\"https:\/\/www.thebicestercollection.com\/la-roca-village\/es\/visita\"><strong> La Roca Village Fase I<\/strong><\/a><\/span><\/p>\n<p style=\"text-align: center;\"><span style=\"color: #000000;\">FV Autoconsum Centre Comercial <a style=\"color: #000000;\" href=\"https:\/\/www.thebicestercollection.com\/la-roca-village\/es\/visita\"><strong>La Roca Village Fase II<\/strong><\/a><\/span><\/p>\n<p style=\"text-align: center;\"><span style=\"color: #000000;\">FV Autoconsum Centre Comercial<a style=\"color: #000000;\" href=\"https:\/\/www.thebicestercollection.com\/las-rozas-village\/es\/visita\"><strong> Las Rozas Village<\/strong><\/a><\/span><\/p>\n<p style=\"text-align: center;\"><span style=\"color: #000000;\">FV Autoconsum <strong>Residencial Girona<\/strong><\/span><\/p>\n<p style=\"text-align: center;\"><span style=\"color: #000000;\">FV Autoconsum <a style=\"color: #000000;\" href=\"https:\/\/clinicagirona.cat\/\"><strong>Cl\u00ednica Girona<\/strong><\/a><\/span><\/p>\n<p style=\"text-align: center;\"><span style=\"color: #000000;\">FV Autoconsum <a style=\"color: #000000;\" href=\"https:\/\/www.copate.cat\/es\/node\/340\"><strong>EDAR Tivenys<\/strong><\/a><\/span><\/p>\n<p style=\"text-align: center;\"><span style=\"color: #000000;\">FV Autoconsum <strong>EDAR Vallmoll<\/strong><\/span><\/p>\n<p style=\"text-align: center;\"><span style=\"color: #000000;\">FV Autoconsum <strong>Empresa de Girona<\/strong><\/span><\/p>\n<p style=\"text-align: center;\"><span style=\"color: #000000;\">FV A\u00efllada <strong>vivers a Llers<\/strong><\/span><\/p>\n<p style=\"text-align: center;\"><span style=\"color: #000000;\">PPA On site en una <strong>Empresa<\/strong> a <strong>Sant Feliu de Buixalleu<\/strong><\/span><\/p>\n<p>[\/vc_column_text][vc_empty_space height=&#8221;100px&#8221;][\/vc_column][vc_column width=&#8221;1\/6&#8243;][\/vc_column][\/vc_row]<\/p>\n<\/section>","protected":false},"excerpt":{"rendered":"<p>[vc_row css_animation=&#8221;&#8221; row_type=&#8221;row&#8221; use_row_as_full_screen_section=&#8221;no&#8221; type=&#8221;grid&#8221; angled_section=&#8221;no&#8221; text_align=&#8221;left&#8221; background_image_as_pattern=&#8221;without_pattern&#8221; z_index=&#8221;&#8221; css=&#8221;.vc_custom_1687848749743{background-image: url(http:\/\/prenergy.es\/wp-content\/uploads\/2023\/06\/PRENERGY_PROYECTOS.jpg?id=235) !important;}&#8221;][vc_column width=&#8221;1\/6&#8243;][\/vc_column][vc_column width=&#8221;2\/3&#8243;][vc_empty_space height=&#8221;50px&#8221;][vc_column_text] PROJECTES [\/vc_column_text][vc_empty_space height=&#8221;25px&#8221;][vc_column_text] Prenergy \u00e9s especialista en energies renovables i efici\u00e8ncia energ\u00e8tica de Grupo Rubau. Actualitzem la relaci\u00f3 d&#8217;instal\u00b7lacions operatives que contribueixen a la transici\u00f3 energ\u00e8tica. \u00c9s la nostra contribuci\u00f3&#8230;<\/p>\n","protected":false},"author":1,"featured_media":0,"parent":0,"menu_order":0,"comment_status":"closed","ping_status":"closed","template":"full_width.php","meta":{"footnotes":""},"class_list":["post-633","page","type-page","status-publish","hentry"],"yoast_head":"<!-- This site is optimized with the Yoast SEO plugin v27.2 - https:\/\/yoast.com\/product\/yoast-seo-wordpress\/ -->\n<title>PROJECTES - PRENERGY<\/title>\n<meta name=\"robots\" content=\"index, follow, max-snippet:-1, max-image-preview:large, max-video-preview:-1\" \/>\n<link rel=\"canonical\" href=\"https:\/\/prenergy.es\/ca\/projectes\/\" \/>\n<meta property=\"og:locale\" content=\"ca_ES\" \/>\n<meta property=\"og:type\" content=\"article\" \/>\n<meta property=\"og:title\" content=\"PROJECTES - PRENERGY\" \/>\n<meta property=\"og:description\" content=\"[vc_row css_animation=&#8221;&#8221; row_type=&#8221;row&#8221; use_row_as_full_screen_section=&#8221;no&#8221; type=&#8221;grid&#8221; angled_section=&#8221;no&#8221; text_align=&#8221;left&#8221; background_image_as_pattern=&#8221;without_pattern&#8221; z_index=&#8221;&#8221; css=&#8221;.vc_custom_1687848749743{background-image: url(http:\/\/prenergy.es\/wp-content\/uploads\/2023\/06\/PRENERGY_PROYECTOS.jpg?id=235) !important;}&#8221;][vc_column width=&#8221;1\/6&#8243;][\/vc_column][vc_column width=&#8221;2\/3&#8243;][vc_empty_space height=&#8221;50px&#8221;][vc_column_text] PROJECTES [\/vc_column_text][vc_empty_space height=&#8221;25px&#8221;][vc_column_text] Prenergy \u00e9s especialista en energies renovables i efici\u00e8ncia energ\u00e8tica de Grupo Rubau. Actualitzem la relaci\u00f3 d&#8217;instal\u00b7lacions operatives que contribueixen a la transici\u00f3 energ\u00e8tica. \u00c9s la nostra contribuci\u00f3...\" \/>\n<meta property=\"og:url\" content=\"https:\/\/prenergy.es\/ca\/projectes\/\" \/>\n<meta property=\"og:site_name\" content=\"PRENERGY\" \/>\n<meta property=\"article:modified_time\" content=\"2023-11-03T10:19:23+00:00\" \/>\n<meta property=\"og:image\" content=\"https:\/\/www.rubau.com\/wp-content\/themes\/rubau\/img\/filet.png\" \/>\n<meta name=\"twitter:card\" content=\"summary_large_image\" \/>\n<meta name=\"twitter:label1\" content=\"Temps estimat de lectura\" \/>\n\t<meta name=\"twitter:data1\" content=\"1 minut\" \/>\n<script type=\"application\/ld+json\" class=\"yoast-schema-graph\">{\"@context\":\"https:\/\/schema.org\",\"@graph\":[{\"@type\":\"WebPage\",\"@id\":\"https:\/\/prenergy.es\/ca\/projectes\/\",\"url\":\"https:\/\/prenergy.es\/ca\/projectes\/\",\"name\":\"PROJECTES - PRENERGY\",\"isPartOf\":{\"@id\":\"https:\/\/prenergy.es\/ca\/#website\"},\"primaryImageOfPage\":{\"@id\":\"https:\/\/prenergy.es\/ca\/projectes\/#primaryimage\"},\"image\":{\"@id\":\"https:\/\/prenergy.es\/ca\/projectes\/#primaryimage\"},\"thumbnailUrl\":\"https:\/\/www.rubau.com\/wp-content\/themes\/rubau\/img\/filet.png\",\"datePublished\":\"2023-06-27T04:57:17+00:00\",\"dateModified\":\"2023-11-03T10:19:23+00:00\",\"breadcrumb\":{\"@id\":\"https:\/\/prenergy.es\/ca\/projectes\/#breadcrumb\"},\"inLanguage\":\"ca\",\"potentialAction\":[{\"@type\":\"ReadAction\",\"target\":[\"https:\/\/prenergy.es\/ca\/projectes\/\"]}]},{\"@type\":\"ImageObject\",\"inLanguage\":\"ca\",\"@id\":\"https:\/\/prenergy.es\/ca\/projectes\/#primaryimage\",\"url\":\"https:\/\/www.rubau.com\/wp-content\/themes\/rubau\/img\/filet.png\",\"contentUrl\":\"https:\/\/www.rubau.com\/wp-content\/themes\/rubau\/img\/filet.png\"},{\"@type\":\"BreadcrumbList\",\"@id\":\"https:\/\/prenergy.es\/ca\/projectes\/#breadcrumb\",\"itemListElement\":[{\"@type\":\"ListItem\",\"position\":1,\"name\":\"Portada\",\"item\":\"https:\/\/prenergy.es\/ca\/\"},{\"@type\":\"ListItem\",\"position\":2,\"name\":\"PROJECTES\"}]},{\"@type\":\"WebSite\",\"@id\":\"https:\/\/prenergy.es\/ca\/#website\",\"url\":\"https:\/\/prenergy.es\/ca\/\",\"name\":\"PRENERGY\",\"description\":\"Prime Rubau Energy\",\"potentialAction\":[{\"@type\":\"SearchAction\",\"target\":{\"@type\":\"EntryPoint\",\"urlTemplate\":\"https:\/\/prenergy.es\/ca\/?s={search_term_string}\"},\"query-input\":{\"@type\":\"PropertyValueSpecification\",\"valueRequired\":true,\"valueName\":\"search_term_string\"}}],\"inLanguage\":\"ca\"}]}<\/script>\n<!-- \/ Yoast SEO plugin. -->","yoast_head_json":{"title":"PROJECTES - PRENERGY","robots":{"index":"index","follow":"follow","max-snippet":"max-snippet:-1","max-image-preview":"max-image-preview:large","max-video-preview":"max-video-preview:-1"},"canonical":"https:\/\/prenergy.es\/ca\/projectes\/","og_locale":"ca_ES","og_type":"article","og_title":"PROJECTES - PRENERGY","og_description":"[vc_row css_animation=&#8221;&#8221; row_type=&#8221;row&#8221; use_row_as_full_screen_section=&#8221;no&#8221; type=&#8221;grid&#8221; angled_section=&#8221;no&#8221; text_align=&#8221;left&#8221; background_image_as_pattern=&#8221;without_pattern&#8221; z_index=&#8221;&#8221; css=&#8221;.vc_custom_1687848749743{background-image: url(http:\/\/prenergy.es\/wp-content\/uploads\/2023\/06\/PRENERGY_PROYECTOS.jpg?id=235) !important;}&#8221;][vc_column width=&#8221;1\/6&#8243;][\/vc_column][vc_column width=&#8221;2\/3&#8243;][vc_empty_space height=&#8221;50px&#8221;][vc_column_text] PROJECTES [\/vc_column_text][vc_empty_space height=&#8221;25px&#8221;][vc_column_text] Prenergy \u00e9s especialista en energies renovables i efici\u00e8ncia energ\u00e8tica de Grupo Rubau. Actualitzem la relaci\u00f3 d&#8217;instal\u00b7lacions operatives que contribueixen a la transici\u00f3 energ\u00e8tica. \u00c9s la nostra contribuci\u00f3...","og_url":"https:\/\/prenergy.es\/ca\/projectes\/","og_site_name":"PRENERGY","article_modified_time":"2023-11-03T10:19:23+00:00","og_image":[{"url":"https:\/\/www.rubau.com\/wp-content\/themes\/rubau\/img\/filet.png","type":"","width":"","height":""}],"twitter_card":"summary_large_image","twitter_misc":{"Temps estimat de lectura":"1 minut"},"schema":{"@context":"https:\/\/schema.org","@graph":[{"@type":"WebPage","@id":"https:\/\/prenergy.es\/ca\/projectes\/","url":"https:\/\/prenergy.es\/ca\/projectes\/","name":"PROJECTES - PRENERGY","isPartOf":{"@id":"https:\/\/prenergy.es\/ca\/#website"},"primaryImageOfPage":{"@id":"https:\/\/prenergy.es\/ca\/projectes\/#primaryimage"},"image":{"@id":"https:\/\/prenergy.es\/ca\/projectes\/#primaryimage"},"thumbnailUrl":"https:\/\/www.rubau.com\/wp-content\/themes\/rubau\/img\/filet.png","datePublished":"2023-06-27T04:57:17+00:00","dateModified":"2023-11-03T10:19:23+00:00","breadcrumb":{"@id":"https:\/\/prenergy.es\/ca\/projectes\/#breadcrumb"},"inLanguage":"ca","potentialAction":[{"@type":"ReadAction","target":["https:\/\/prenergy.es\/ca\/projectes\/"]}]},{"@type":"ImageObject","inLanguage":"ca","@id":"https:\/\/prenergy.es\/ca\/projectes\/#primaryimage","url":"https:\/\/www.rubau.com\/wp-content\/themes\/rubau\/img\/filet.png","contentUrl":"https:\/\/www.rubau.com\/wp-content\/themes\/rubau\/img\/filet.png"},{"@type":"BreadcrumbList","@id":"https:\/\/prenergy.es\/ca\/projectes\/#breadcrumb","itemListElement":[{"@type":"ListItem","position":1,"name":"Portada","item":"https:\/\/prenergy.es\/ca\/"},{"@type":"ListItem","position":2,"name":"PROJECTES"}]},{"@type":"WebSite","@id":"https:\/\/prenergy.es\/ca\/#website","url":"https:\/\/prenergy.es\/ca\/","name":"PRENERGY","description":"Prime Rubau Energy","potentialAction":[{"@type":"SearchAction","target":{"@type":"EntryPoint","urlTemplate":"https:\/\/prenergy.es\/ca\/?s={search_term_string}"},"query-input":{"@type":"PropertyValueSpecification","valueRequired":true,"valueName":"search_term_string"}}],"inLanguage":"ca"}]}},"jetpack_sharing_enabled":true,"_links":{"self":[{"href":"https:\/\/prenergy.es\/ca\/wp-json\/wp\/v2\/pages\/633","targetHints":{"allow":["GET"]}}],"collection":[{"href":"https:\/\/prenergy.es\/ca\/wp-json\/wp\/v2\/pages"}],"about":[{"href":"https:\/\/prenergy.es\/ca\/wp-json\/wp\/v2\/types\/page"}],"author":[{"embeddable":true,"href":"https:\/\/prenergy.es\/ca\/wp-json\/wp\/v2\/users\/1"}],"replies":[{"embeddable":true,"href":"https:\/\/prenergy.es\/ca\/wp-json\/wp\/v2\/comments?post=633"}],"version-history":[{"count":2,"href":"https:\/\/prenergy.es\/ca\/wp-json\/wp\/v2\/pages\/633\/revisions"}],"predecessor-version":[{"id":635,"href":"https:\/\/prenergy.es\/ca\/wp-json\/wp\/v2\/pages\/633\/revisions\/635"}],"wp:attachment":[{"href":"https:\/\/prenergy.es\/ca\/wp-json\/wp\/v2\/media?parent=633"}],"curies":[{"name":"wp","href":"https:\/\/api.w.org\/{rel}","templated":true}]}}