{"id":636,"date":"2023-06-13T07:48:31","date_gmt":"2023-06-13T05:48:31","guid":{"rendered":"https:\/\/prenergy.es\/serveis\/"},"modified":"2023-11-03T11:34:45","modified_gmt":"2023-11-03T10:34:45","slug":"serveis","status":"publish","type":"page","link":"https:\/\/prenergy.es\/ca\/serveis\/","title":{"rendered":"SERVEIS"},"content":{"rendered":"<section class=\"wpb-content-wrapper\"><p>[vc_row css_animation=&#8221;&#8221; row_type=&#8221;row&#8221; use_row_as_full_screen_section=&#8221;no&#8221; type=&#8221;full_width&#8221; angled_section=&#8221;no&#8221; text_align=&#8221;left&#8221; background_image_as_pattern=&#8221;without_pattern&#8221;][vc_column][vc_empty_space height=&#8221;50px&#8221;][\/vc_column][\/vc_row][vc_row css_animation=&#8221;&#8221; row_type=&#8221;row&#8221; use_row_as_full_screen_section=&#8221;no&#8221; type=&#8221;full_width&#8221; angled_section=&#8221;no&#8221; text_align=&#8221;left&#8221; background_image_as_pattern=&#8221;without_pattern&#8221;][vc_column][vc_column_text]<\/p>\n<h4 style=\"text-align: center;\"><span style=\"color: #000000;\"><strong><img decoding=\"async\" src=\"https:\/\/www.rubau.com\/wp-content\/themes\/rubau\/img\/filet.png\"> OFERTA DE SERVEIS <img decoding=\"async\" src=\"https:\/\/www.rubau.com\/wp-content\/themes\/rubau\/img\/filet.png\"><\/strong><\/span><\/h4>\n<p>[\/vc_column_text][vc_empty_space height=&#8221;40px&#8221;][\/vc_column][\/vc_row][vc_row css_animation=&#8221;&#8221; row_type=&#8221;row&#8221; use_row_as_full_screen_section=&#8221;no&#8221; type=&#8221;grid&#8221; angled_section=&#8221;no&#8221; text_align=&#8221;left&#8221; background_image_as_pattern=&#8221;without_pattern&#8221; z_index=&#8221;&#8221;][vc_column width=&#8221;1\/6&#8243;][\/vc_column][vc_column width=&#8221;4\/6&#8243;][qode_elements_holder background_color=&#8221;#f8c00b&#8221; number_of_columns=&#8221;three_columns&#8221;][qode_elements_holder_item vertical_alignment=&#8221;top&#8221; horizontal_alignment=&#8221;left&#8221; advanced_animations=&#8221;no&#8221; background_color=&#8221;#619a3e&#8221; item_padding=&#8221;0px 0px 0px 0px&#8221;][vc_single_image image=&#8221;105&#8243; img_size=&#8221;full&#8221; onclick=&#8221;custom_link&#8221; qode_css_animation=&#8221;&#8221; qode_hover_animation=&#8221;zoom_in&#8221;][vc_empty_space height=&#8221;25px&#8221;][vc_column_text css=&#8221;.vc_custom_1698225082122{padding-right: 10px !important;padding-left: 10px !important;}&#8221;]<\/p>\n<p style=\"text-align: left;\"><span style=\"color: #ffffff;\">Estructuraci\u00f3 de projectes des de &#8220;green field&#8221; fins a &#8220;ready to built &#8211; RtB&#8221; o &#8220;Commercial Operating Date &#8211; COD&#8221; en projectes propis o per a tercers. Aquesta gesti\u00f3 integral inclou tant l&#8217;estructuraci\u00f3 t\u00e8cnica (projectes, tramitacions, etc.) com la legal (mercantil i fiscal) com la financera (amb recursos propis o aliens segons la tipologia del projecte).<\/span><\/p>\n<p>[\/vc_column_text][vc_empty_space height=&#8221;25px&#8221;][\/qode_elements_holder_item][qode_elements_holder_item vertical_alignment=&#8221;top&#8221; horizontal_alignment=&#8221;center&#8221; advanced_animations=&#8221;no&#8221; background_color=&#8221;#619a3e&#8221; item_padding=&#8221;0px 0px 0px 0px&#8221;][vc_single_image image=&#8221;106&#8243; img_size=&#8221;full&#8221; onclick=&#8221;custom_link&#8221; qode_css_animation=&#8221;&#8221; qode_hover_animation=&#8221;zoom_in&#8221; css=&#8221;.vc_custom_1698301054049{background-color: #f8c00b !important;}&#8221;][vc_empty_space height=&#8221;25px&#8221;][vc_column_text css=&#8221;.vc_custom_1698938027816{padding-right: 10px !important;padding-left: 10px !important;}&#8221;]<\/p>\n<p style=\"text-align: left;\"><span style=\"color: #ffffff;\">Subministrament i instal\u00b7laci\u00f3 de plantes solars d&#8217;autoconsum &#8211; amb o sense excedents &#8211; sense inversi\u00f3 per part del client, per pagament segons el consum d&#8217;energia, mitjan\u00e7ant un contracte bilateral de compra-venda a les instal\u00b7lacions del client. Aix\u00f2 permet als nostres clients industrials i del sector terciari subministrar-se d&#8217;energia neta, sense assumir el cost de la inversi\u00f3 associada, i beneficiar-se d&#8217;un preu estable, sense les fluctuacions del mercat i a un preu m\u00e9s competitiu.<\/span><\/p>\n<p>[\/vc_column_text][vc_empty_space height=&#8221;25px&#8221;][\/qode_elements_holder_item][qode_elements_holder_item vertical_alignment=&#8221;top&#8221; horizontal_alignment=&#8221;right&#8221; advanced_animations=&#8221;no&#8221; background_color=&#8221;#619a3e&#8221; item_padding=&#8221;0px 0px 0px 0px&#8221;][vc_single_image image=&#8221;107&#8243; img_size=&#8221;full&#8221; onclick=&#8221;custom_link&#8221; qode_css_animation=&#8221;&#8221; qode_hover_animation=&#8221;zoom_in&#8221;][vc_empty_space height=&#8221;25px&#8221;][vc_column_text css=&#8221;.vc_custom_1698938200191{padding-right: 10px !important;padding-left: 10px !important;}&#8221;]<\/p>\n<p style=\"text-align: left;\"><span style=\"color: #ffffff;\">Prenergy ofereix la gesti\u00f3 integral de projectes per a tercers, des de l&#8217;estructuraci\u00f3 t\u00e8cnica (enginyeria, construcci\u00f3, operaci\u00f3, manteniment, supervisi\u00f3); la gesti\u00f3 legal (contractes PPA, EPC, comercialitzaci\u00f3 d&#8217;energia, etc.); l&#8217;estructuraci\u00f3 financera (recerca de finan\u00e7ament, convocat\u00f2ries d&#8217;ajuts i inversi\u00f3 amb recursos propis); i la planificaci\u00f3 i gesti\u00f3 administrativa (legalitzaci\u00f3, subvencions, gesti\u00f3 de societats vehicles, gesti\u00f3 d&#8217;actius, etc).<\/span><\/p>\n<p>[\/vc_column_text][vc_empty_space height=&#8221;25px&#8221;][\/qode_elements_holder_item][\/qode_elements_holder][\/vc_column][vc_column width=&#8221;1\/6&#8243;][\/vc_column][\/vc_row][vc_row css_animation=&#8221;&#8221; row_type=&#8221;row&#8221; use_row_as_full_screen_section=&#8221;no&#8221; type=&#8221;full_width&#8221; angled_section=&#8221;no&#8221; text_align=&#8221;left&#8221; background_image_as_pattern=&#8221;without_pattern&#8221;][vc_column][vc_empty_space height=&#8221;100px&#8221;][\/vc_column][\/vc_row][vc_column][\/vc_column]<\/p>\n<\/section>","protected":false},"excerpt":{"rendered":"<p>[vc_row css_animation=&#8221;&#8221; row_type=&#8221;row&#8221; use_row_as_full_screen_section=&#8221;no&#8221; type=&#8221;full_width&#8221; angled_section=&#8221;no&#8221; text_align=&#8221;left&#8221; background_image_as_pattern=&#8221;without_pattern&#8221;][vc_column][vc_empty_space height=&#8221;50px&#8221;][\/vc_column][\/vc_row][vc_row css_animation=&#8221;&#8221; row_type=&#8221;row&#8221; use_row_as_full_screen_section=&#8221;no&#8221; type=&#8221;full_width&#8221; angled_section=&#8221;no&#8221; text_align=&#8221;left&#8221; background_image_as_pattern=&#8221;without_pattern&#8221;][vc_column][vc_column_text] OFERTA DE SERVEIS [\/vc_column_text][vc_empty_space height=&#8221;40px&#8221;][\/vc_column][\/vc_row][vc_row css_animation=&#8221;&#8221; row_type=&#8221;row&#8221; use_row_as_full_screen_section=&#8221;no&#8221; type=&#8221;grid&#8221; angled_section=&#8221;no&#8221; text_align=&#8221;left&#8221; background_image_as_pattern=&#8221;without_pattern&#8221; z_index=&#8221;&#8221;][vc_column width=&#8221;1\/6&#8243;][\/vc_column][vc_column width=&#8221;4\/6&#8243;][qode_elements_holder background_color=&#8221;#f8c00b&#8221; number_of_columns=&#8221;three_columns&#8221;][qode_elements_holder_item vertical_alignment=&#8221;top&#8221; horizontal_alignment=&#8221;left&#8221; advanced_animations=&#8221;no&#8221; background_color=&#8221;#619a3e&#8221; item_padding=&#8221;0px 0px 0px 0px&#8221;][vc_single_image image=&#8221;105&#8243; img_size=&#8221;full&#8221; onclick=&#8221;custom_link&#8221; qode_css_animation=&#8221;&#8221;&#8230;<\/p>\n","protected":false},"author":1,"featured_media":0,"parent":0,"menu_order":0,"comment_status":"closed","ping_status":"closed","template":"full_width.php","meta":{"footnotes":""},"class_list":["post-636","page","type-page","status-publish","hentry"],"yoast_head":"<!-- This site is optimized with the Yoast SEO plugin v27.2 - https:\/\/yoast.com\/product\/yoast-seo-wordpress\/ -->\n<title>SERVEIS - PRENERGY<\/title>\n<meta name=\"description\" content=\"Estructuraci\u00f3 de projectes des de &quot;green field&quot; fins a &quot;ready to built - RtB&quot; o &quot;Commercial Operating Date - COD&quot; en projectes propis o per a tercers.\" \/>\n<meta name=\"robots\" content=\"index, follow, max-snippet:-1, max-image-preview:large, max-video-preview:-1\" \/>\n<link rel=\"canonical\" href=\"https:\/\/prenergy.es\/ca\/serveis\/\" \/>\n<meta property=\"og:locale\" content=\"ca_ES\" \/>\n<meta property=\"og:type\" content=\"article\" \/>\n<meta property=\"og:title\" content=\"SERVEIS - PRENERGY\" \/>\n<meta property=\"og:description\" content=\"Estructuraci\u00f3 de projectes des de &quot;green field&quot; fins a &quot;ready to built - RtB&quot; o &quot;Commercial Operating Date - COD&quot; en projectes propis o per a tercers.\" \/>\n<meta property=\"og:url\" content=\"https:\/\/prenergy.es\/ca\/serveis\/\" \/>\n<meta property=\"og:site_name\" content=\"PRENERGY\" \/>\n<meta property=\"article:modified_time\" content=\"2023-11-03T10:34:45+00:00\" \/>\n<meta property=\"og:image\" content=\"https:\/\/www.rubau.com\/wp-content\/themes\/rubau\/img\/filet.png\" \/>\n<meta name=\"twitter:card\" content=\"summary_large_image\" \/>\n<meta name=\"twitter:label1\" content=\"Temps estimat de lectura\" \/>\n\t<meta name=\"twitter:data1\" content=\"3 minuts\" \/>\n<script type=\"application\/ld+json\" class=\"yoast-schema-graph\">{\"@context\":\"https:\/\/schema.org\",\"@graph\":[{\"@type\":\"WebPage\",\"@id\":\"https:\/\/prenergy.es\/ca\/serveis\/\",\"url\":\"https:\/\/prenergy.es\/ca\/serveis\/\",\"name\":\"SERVEIS - PRENERGY\",\"isPartOf\":{\"@id\":\"https:\/\/prenergy.es\/ca\/#website\"},\"primaryImageOfPage\":{\"@id\":\"https:\/\/prenergy.es\/ca\/serveis\/#primaryimage\"},\"image\":{\"@id\":\"https:\/\/prenergy.es\/ca\/serveis\/#primaryimage\"},\"thumbnailUrl\":\"https:\/\/www.rubau.com\/wp-content\/themes\/rubau\/img\/filet.png\",\"datePublished\":\"2023-06-13T05:48:31+00:00\",\"dateModified\":\"2023-11-03T10:34:45+00:00\",\"description\":\"Estructuraci\u00f3 de projectes des de \\\"green field\\\" fins a \\\"ready to built - RtB\\\" o \\\"Commercial Operating Date - COD\\\" en projectes propis o per a tercers.\",\"breadcrumb\":{\"@id\":\"https:\/\/prenergy.es\/ca\/serveis\/#breadcrumb\"},\"inLanguage\":\"ca\",\"potentialAction\":[{\"@type\":\"ReadAction\",\"target\":[\"https:\/\/prenergy.es\/ca\/serveis\/\"]}]},{\"@type\":\"ImageObject\",\"inLanguage\":\"ca\",\"@id\":\"https:\/\/prenergy.es\/ca\/serveis\/#primaryimage\",\"url\":\"https:\/\/www.rubau.com\/wp-content\/themes\/rubau\/img\/filet.png\",\"contentUrl\":\"https:\/\/www.rubau.com\/wp-content\/themes\/rubau\/img\/filet.png\"},{\"@type\":\"BreadcrumbList\",\"@id\":\"https:\/\/prenergy.es\/ca\/serveis\/#breadcrumb\",\"itemListElement\":[{\"@type\":\"ListItem\",\"position\":1,\"name\":\"Portada\",\"item\":\"https:\/\/prenergy.es\/ca\/\"},{\"@type\":\"ListItem\",\"position\":2,\"name\":\"SERVEIS\"}]},{\"@type\":\"WebSite\",\"@id\":\"https:\/\/prenergy.es\/ca\/#website\",\"url\":\"https:\/\/prenergy.es\/ca\/\",\"name\":\"PRENERGY\",\"description\":\"Prime Rubau Energy\",\"potentialAction\":[{\"@type\":\"SearchAction\",\"target\":{\"@type\":\"EntryPoint\",\"urlTemplate\":\"https:\/\/prenergy.es\/ca\/?s={search_term_string}\"},\"query-input\":{\"@type\":\"PropertyValueSpecification\",\"valueRequired\":true,\"valueName\":\"search_term_string\"}}],\"inLanguage\":\"ca\"}]}<\/script>\n<!-- \/ Yoast SEO plugin. -->","yoast_head_json":{"title":"SERVEIS - PRENERGY","description":"Estructuraci\u00f3 de projectes des de \"green field\" fins a \"ready to built - RtB\" o \"Commercial Operating Date - COD\" en projectes propis o per a tercers.","robots":{"index":"index","follow":"follow","max-snippet":"max-snippet:-1","max-image-preview":"max-image-preview:large","max-video-preview":"max-video-preview:-1"},"canonical":"https:\/\/prenergy.es\/ca\/serveis\/","og_locale":"ca_ES","og_type":"article","og_title":"SERVEIS - PRENERGY","og_description":"Estructuraci\u00f3 de projectes des de \"green field\" fins a \"ready to built - RtB\" o \"Commercial Operating Date - COD\" en projectes propis o per a tercers.","og_url":"https:\/\/prenergy.es\/ca\/serveis\/","og_site_name":"PRENERGY","article_modified_time":"2023-11-03T10:34:45+00:00","og_image":[{"url":"https:\/\/www.rubau.com\/wp-content\/themes\/rubau\/img\/filet.png","type":"","width":"","height":""}],"twitter_card":"summary_large_image","twitter_misc":{"Temps estimat de lectura":"3 minuts"},"schema":{"@context":"https:\/\/schema.org","@graph":[{"@type":"WebPage","@id":"https:\/\/prenergy.es\/ca\/serveis\/","url":"https:\/\/prenergy.es\/ca\/serveis\/","name":"SERVEIS - PRENERGY","isPartOf":{"@id":"https:\/\/prenergy.es\/ca\/#website"},"primaryImageOfPage":{"@id":"https:\/\/prenergy.es\/ca\/serveis\/#primaryimage"},"image":{"@id":"https:\/\/prenergy.es\/ca\/serveis\/#primaryimage"},"thumbnailUrl":"https:\/\/www.rubau.com\/wp-content\/themes\/rubau\/img\/filet.png","datePublished":"2023-06-13T05:48:31+00:00","dateModified":"2023-11-03T10:34:45+00:00","description":"Estructuraci\u00f3 de projectes des de \"green field\" fins a \"ready to built - RtB\" o \"Commercial Operating Date - COD\" en projectes propis o per a tercers.","breadcrumb":{"@id":"https:\/\/prenergy.es\/ca\/serveis\/#breadcrumb"},"inLanguage":"ca","potentialAction":[{"@type":"ReadAction","target":["https:\/\/prenergy.es\/ca\/serveis\/"]}]},{"@type":"ImageObject","inLanguage":"ca","@id":"https:\/\/prenergy.es\/ca\/serveis\/#primaryimage","url":"https:\/\/www.rubau.com\/wp-content\/themes\/rubau\/img\/filet.png","contentUrl":"https:\/\/www.rubau.com\/wp-content\/themes\/rubau\/img\/filet.png"},{"@type":"BreadcrumbList","@id":"https:\/\/prenergy.es\/ca\/serveis\/#breadcrumb","itemListElement":[{"@type":"ListItem","position":1,"name":"Portada","item":"https:\/\/prenergy.es\/ca\/"},{"@type":"ListItem","position":2,"name":"SERVEIS"}]},{"@type":"WebSite","@id":"https:\/\/prenergy.es\/ca\/#website","url":"https:\/\/prenergy.es\/ca\/","name":"PRENERGY","description":"Prime Rubau Energy","potentialAction":[{"@type":"SearchAction","target":{"@type":"EntryPoint","urlTemplate":"https:\/\/prenergy.es\/ca\/?s={search_term_string}"},"query-input":{"@type":"PropertyValueSpecification","valueRequired":true,"valueName":"search_term_string"}}],"inLanguage":"ca"}]}},"jetpack_sharing_enabled":true,"_links":{"self":[{"href":"https:\/\/prenergy.es\/ca\/wp-json\/wp\/v2\/pages\/636","targetHints":{"allow":["GET"]}}],"collection":[{"href":"https:\/\/prenergy.es\/ca\/wp-json\/wp\/v2\/pages"}],"about":[{"href":"https:\/\/prenergy.es\/ca\/wp-json\/wp\/v2\/types\/page"}],"author":[{"embeddable":true,"href":"https:\/\/prenergy.es\/ca\/wp-json\/wp\/v2\/users\/1"}],"replies":[{"embeddable":true,"href":"https:\/\/prenergy.es\/ca\/wp-json\/wp\/v2\/comments?post=636"}],"version-history":[{"count":2,"href":"https:\/\/prenergy.es\/ca\/wp-json\/wp\/v2\/pages\/636\/revisions"}],"predecessor-version":[{"id":638,"href":"https:\/\/prenergy.es\/ca\/wp-json\/wp\/v2\/pages\/636\/revisions\/638"}],"wp:attachment":[{"href":"https:\/\/prenergy.es\/ca\/wp-json\/wp\/v2\/media?parent=636"}],"curies":[{"name":"wp","href":"https:\/\/api.w.org\/{rel}","templated":true}]}}