{"id":639,"date":"2018-09-12T06:15:32","date_gmt":"2018-09-12T04:15:32","guid":{"rendered":"https:\/\/prenergy.es\/sobre-nosaltres\/"},"modified":"2023-11-03T11:41:21","modified_gmt":"2023-11-03T10:41:21","slug":"sobre-nosaltres","status":"publish","type":"page","link":"https:\/\/prenergy.es\/ca\/sobre-nosaltres\/","title":{"rendered":"SOBRE NOSALTRES"},"content":{"rendered":"<section class=\"wpb-content-wrapper\"><p>[vc_row css_animation=&#8221;&#8221; row_type=&#8221;row&#8221; use_row_as_full_screen_section=&#8221;no&#8221; type=&#8221;grid&#8221; angled_section=&#8221;no&#8221; text_align=&#8221;left&#8221; background_image_as_pattern=&#8221;without_pattern&#8221; z_index=&#8221;&#8221; css=&#8221;.vc_custom_1686574511185{background-image: url(http:\/\/prenergy.es\/wp-content\/uploads\/2023\/06\/QUIENES-SOMOS-PRENERGY-scaled.jpg?id=61) !important;}&#8221;][vc_column][vc_empty_space height=&#8221;50&#8243;][vc_column_text]<\/p>\n<h4 style=\"text-align: center;\"><strong><span style=\"color: #ffffff;\"><img loading=\"lazy\" decoding=\"async\" class=\"alignnone size-full wp-image-58\" src=\"http:\/\/prenergy.es\/wp-content\/uploads\/2023\/06\/filet-blanc.webp\" alt=\"\" width=\"22\" height=\"13\"> SOBRE NOSALTRES <\/span><\/strong> <img loading=\"lazy\" decoding=\"async\" src=\"http:\/\/prenergy.es\/wp-content\/uploads\/2023\/06\/filet-blanc.webp\" alt=\"\" width=\"22\" height=\"13\"><\/h4>\n<p>[\/vc_column_text][vc_empty_space height=&#8221;25px&#8221;][vc_column_text]<\/p>\n<h3 style=\"text-align: center;\"><span style=\"color: #ffffff;\">Prenergy (Prime Rubau Energy) \u00e9s la filial de serveis energ\u00e8tics del <a style=\"color: #ffffff;\" href=\"https:\/\/www.rubau.com\/\" target=\"_blank\" rel=\"noopener\">Grup RUBAU,<\/a> especialista en energies renovables i efici\u00e8ncia energ\u00e8tica. Oferim als nostres clients les solucions per als seus projectes i els proposem les millores necess\u00e0ries per aconseguir l&#8217;efici\u00e8ncia a les seves instal\u00b7lacions i, per tant, una reducci\u00f3 dels costos energ\u00e8tics i de la petjada de carboni.<\/span><\/h3>\n<p>&nbsp;<\/p>\n<h4 style=\"text-align: center;\"><span style=\"color: #ffffff;\">Prenergy neix a partir de la demanda dels clients del <a style=\"color: #ffffff;\" href=\"https:\/\/www.rubau.com\/\" target=\"_blank\" rel=\"noopener\">Grup RUBAU<\/a>, tant en l&#8217;\u00e0mbit de la construcci\u00f3 (edificaci\u00f3, obra civil i concessions), com en la gesti\u00f3 de l&#8217;aigua i residus (a trav\u00e9s de l&#8217;empresa <a style=\"color: #ffffff;\" href=\"https:\/\/arema.com\/\" target=\"_blank\" rel=\"noopener\">Arema<\/a>) i en la rehabilitaci\u00f3 d&#8217;edificis (a trav\u00e9s de <a style=\"color: #ffffff;\" href=\"https:\/\/contracta.net\/\" target=\"_blank\" rel=\"noopener\">Contracta<\/a>). Una estrat\u00e8gia de diversificaci\u00f3 del nostre grup empresarial que ens permet atendre les necessitats de la societat actual basant els nostres projectes en l&#8217;economia circular. Una estrat\u00e8gia de diversificaci\u00f3 del <a style=\"color: #ffffff;\" href=\"https:\/\/www.rubau.com\/\" target=\"_blank\" rel=\"noopener\">Grup Rubau<\/a> que ens permet atendre les necessitats de la societat actual basant els nostres projectes en l&#8217;economia circular. <\/span><\/h4>\n<h4 style=\"text-align: center;\"><span style=\"color: #ffffff;\"> <\/span><\/h4>\n<h4 style=\"text-align: center;\"><span style=\"color: #ffffff;\">Prenergy treballa amb promotors privats d&#8217;habitatges i edificis que ofereixen al mercat habitatges moderns energ\u00e8ticament sostenibles. Tamb\u00e9 respon a la demanda de les diferents administracions i ja \u00e9s una empresa homologada del Projecte M\u00e9s Barcelona, que impulsa l&#8217;ajuntament de Barcelona per incorporar inversi\u00f3 privada i accelerar la transici\u00f3 energ\u00e8tica de la ciutat de Barcelona.<\/span><\/h4>\n<p>&nbsp;<\/p>\n<h4 style=\"text-align: center;\"><span style=\"color: #ffffff;\">D&#8217;aquesta manera, a trav\u00e9s de Prenergy, el <a style=\"color: #ffffff;\" href=\"https:\/\/www.rubau.com\/\" target=\"_blank\" rel=\"noopener\">Grup RUBAU<\/a> \u00e9s un accelerador de la transici\u00f3 energ\u00e8tica i un soci efica\u00e7 en l&#8217;\u00e0mbit energ\u00e8tic, tant de les administracions p\u00fabliques com de la ind\u00fastria i tamb\u00e9 dels promotors privats. <\/span><\/h4>\n<p>&nbsp;<\/p>\n<h4 style=\"text-align: center;\"><span style=\"color: #ffffff;\"><strong>Oferim solucions integrals a tots els projectes. Des del subministrament d&#8217;instal\u00b7lacions per generar energies renovables fins a la distribuci\u00f3, el manteniment i l&#8217;atenci\u00f3 al client.<\/strong><\/span><\/h4>\n<h4 style=\"text-align: center;\"><\/h4>\n<p>[\/vc_column_text][vc_empty_space height=&#8221;40px&#8221;][vc_single_image image=&#8221;29&#8243; img_size=&#8221;medium&#8221; alignment=&#8221;center&#8221; qode_css_animation=&#8221;&#8221;][vc_empty_space height=&#8221;100&#8243;][\/vc_column][\/vc_row]<\/p>\n<\/section>","protected":false},"excerpt":{"rendered":"<p>[vc_row css_animation=&#8221;&#8221; row_type=&#8221;row&#8221; use_row_as_full_screen_section=&#8221;no&#8221; type=&#8221;grid&#8221; angled_section=&#8221;no&#8221; text_align=&#8221;left&#8221; background_image_as_pattern=&#8221;without_pattern&#8221; z_index=&#8221;&#8221; css=&#8221;.vc_custom_1686574511185{background-image: url(http:\/\/prenergy.es\/wp-content\/uploads\/2023\/06\/QUIENES-SOMOS-PRENERGY-scaled.jpg?id=61) !important;}&#8221;][vc_column][vc_empty_space height=&#8221;50&#8243;][vc_column_text] SOBRE NOSALTRES [\/vc_column_text][vc_empty_space height=&#8221;25px&#8221;][vc_column_text] Prenergy (Prime Rubau Energy) \u00e9s la filial de serveis energ\u00e8tics del Grup RUBAU, especialista en energies renovables i efici\u00e8ncia energ\u00e8tica. Oferim als nostres clients les solucions per als&#8230;<\/p>\n","protected":false},"author":1,"featured_media":511,"parent":0,"menu_order":0,"comment_status":"closed","ping_status":"closed","template":"full_width.php","meta":{"footnotes":""},"class_list":["post-639","page","type-page","status-publish","has-post-thumbnail","hentry"],"yoast_head":"<!-- This site is optimized with the Yoast SEO plugin v27.2 - https:\/\/yoast.com\/product\/yoast-seo-wordpress\/ -->\n<title>SOBRE NOSALTRES - PRENERGY<\/title>\n<meta name=\"description\" content=\"Prenergy neix de la demanda dels clients de Rubau per atendre les seves necessitats en els projectes de transici\u00f3 d&#039;energies sostenibles.\" \/>\n<meta name=\"robots\" content=\"index, follow, max-snippet:-1, max-image-preview:large, max-video-preview:-1\" \/>\n<link rel=\"canonical\" href=\"https:\/\/prenergy.es\/ca\/sobre-nosaltres\/\" \/>\n<meta property=\"og:locale\" content=\"ca_ES\" \/>\n<meta property=\"og:type\" content=\"article\" \/>\n<meta property=\"og:title\" content=\"SOBRE NOSALTRES - PRENERGY\" \/>\n<meta property=\"og:description\" content=\"Prenergy neix de la demanda dels clients de Rubau per atendre les seves necessitats en els projectes de transici\u00f3 d&#039;energies sostenibles.\" \/>\n<meta property=\"og:url\" content=\"https:\/\/prenergy.es\/ca\/sobre-nosaltres\/\" \/>\n<meta property=\"og:site_name\" content=\"PRENERGY\" \/>\n<meta property=\"article:modified_time\" content=\"2023-11-03T10:41:21+00:00\" \/>\n<meta property=\"og:image\" content=\"https:\/\/prenergy.es\/wp-content\/uploads\/2023\/06\/02a16n9a.jpg\" \/>\n\t<meta property=\"og:image:width\" content=\"1613\" \/>\n\t<meta property=\"og:image:height\" content=\"1080\" \/>\n\t<meta property=\"og:image:type\" content=\"image\/jpeg\" \/>\n<meta name=\"twitter:card\" content=\"summary_large_image\" \/>\n<meta name=\"twitter:label1\" content=\"Temps estimat de lectura\" \/>\n\t<meta name=\"twitter:data1\" content=\"2 minuts\" \/>\n<script type=\"application\/ld+json\" class=\"yoast-schema-graph\">{\"@context\":\"https:\/\/schema.org\",\"@graph\":[{\"@type\":\"WebPage\",\"@id\":\"https:\/\/prenergy.es\/ca\/sobre-nosaltres\/\",\"url\":\"https:\/\/prenergy.es\/ca\/sobre-nosaltres\/\",\"name\":\"SOBRE NOSALTRES - PRENERGY\",\"isPartOf\":{\"@id\":\"https:\/\/prenergy.es\/ca\/#website\"},\"primaryImageOfPage\":{\"@id\":\"https:\/\/prenergy.es\/ca\/sobre-nosaltres\/#primaryimage\"},\"image\":{\"@id\":\"https:\/\/prenergy.es\/ca\/sobre-nosaltres\/#primaryimage\"},\"thumbnailUrl\":\"https:\/\/prenergy.es\/wp-content\/uploads\/2023\/06\/02a16n9a.jpg\",\"datePublished\":\"2018-09-12T04:15:32+00:00\",\"dateModified\":\"2023-11-03T10:41:21+00:00\",\"description\":\"Prenergy neix de la demanda dels clients de Rubau per atendre les seves necessitats en els projectes de transici\u00f3 d'energies sostenibles.\",\"breadcrumb\":{\"@id\":\"https:\/\/prenergy.es\/ca\/sobre-nosaltres\/#breadcrumb\"},\"inLanguage\":\"ca\",\"potentialAction\":[{\"@type\":\"ReadAction\",\"target\":[\"https:\/\/prenergy.es\/ca\/sobre-nosaltres\/\"]}]},{\"@type\":\"ImageObject\",\"inLanguage\":\"ca\",\"@id\":\"https:\/\/prenergy.es\/ca\/sobre-nosaltres\/#primaryimage\",\"url\":\"https:\/\/prenergy.es\/wp-content\/uploads\/2023\/06\/02a16n9a.jpg\",\"contentUrl\":\"https:\/\/prenergy.es\/wp-content\/uploads\/2023\/06\/02a16n9a.jpg\",\"width\":1613,\"height\":1080},{\"@type\":\"BreadcrumbList\",\"@id\":\"https:\/\/prenergy.es\/ca\/sobre-nosaltres\/#breadcrumb\",\"itemListElement\":[{\"@type\":\"ListItem\",\"position\":1,\"name\":\"Portada\",\"item\":\"https:\/\/prenergy.es\/ca\/\"},{\"@type\":\"ListItem\",\"position\":2,\"name\":\"SOBRE NOSALTRES\"}]},{\"@type\":\"WebSite\",\"@id\":\"https:\/\/prenergy.es\/ca\/#website\",\"url\":\"https:\/\/prenergy.es\/ca\/\",\"name\":\"PRENERGY\",\"description\":\"Prime Rubau Energy\",\"potentialAction\":[{\"@type\":\"SearchAction\",\"target\":{\"@type\":\"EntryPoint\",\"urlTemplate\":\"https:\/\/prenergy.es\/ca\/?s={search_term_string}\"},\"query-input\":{\"@type\":\"PropertyValueSpecification\",\"valueRequired\":true,\"valueName\":\"search_term_string\"}}],\"inLanguage\":\"ca\"}]}<\/script>\n<!-- \/ Yoast SEO plugin. -->","yoast_head_json":{"title":"SOBRE NOSALTRES - PRENERGY","description":"Prenergy neix de la demanda dels clients de Rubau per atendre les seves necessitats en els projectes de transici\u00f3 d'energies sostenibles.","robots":{"index":"index","follow":"follow","max-snippet":"max-snippet:-1","max-image-preview":"max-image-preview:large","max-video-preview":"max-video-preview:-1"},"canonical":"https:\/\/prenergy.es\/ca\/sobre-nosaltres\/","og_locale":"ca_ES","og_type":"article","og_title":"SOBRE NOSALTRES - PRENERGY","og_description":"Prenergy neix de la demanda dels clients de Rubau per atendre les seves necessitats en els projectes de transici\u00f3 d'energies sostenibles.","og_url":"https:\/\/prenergy.es\/ca\/sobre-nosaltres\/","og_site_name":"PRENERGY","article_modified_time":"2023-11-03T10:41:21+00:00","og_image":[{"width":1613,"height":1080,"url":"https:\/\/prenergy.es\/wp-content\/uploads\/2023\/06\/02a16n9a.jpg","type":"image\/jpeg"}],"twitter_card":"summary_large_image","twitter_misc":{"Temps estimat de lectura":"2 minuts"},"schema":{"@context":"https:\/\/schema.org","@graph":[{"@type":"WebPage","@id":"https:\/\/prenergy.es\/ca\/sobre-nosaltres\/","url":"https:\/\/prenergy.es\/ca\/sobre-nosaltres\/","name":"SOBRE NOSALTRES - PRENERGY","isPartOf":{"@id":"https:\/\/prenergy.es\/ca\/#website"},"primaryImageOfPage":{"@id":"https:\/\/prenergy.es\/ca\/sobre-nosaltres\/#primaryimage"},"image":{"@id":"https:\/\/prenergy.es\/ca\/sobre-nosaltres\/#primaryimage"},"thumbnailUrl":"https:\/\/prenergy.es\/wp-content\/uploads\/2023\/06\/02a16n9a.jpg","datePublished":"2018-09-12T04:15:32+00:00","dateModified":"2023-11-03T10:41:21+00:00","description":"Prenergy neix de la demanda dels clients de Rubau per atendre les seves necessitats en els projectes de transici\u00f3 d'energies sostenibles.","breadcrumb":{"@id":"https:\/\/prenergy.es\/ca\/sobre-nosaltres\/#breadcrumb"},"inLanguage":"ca","potentialAction":[{"@type":"ReadAction","target":["https:\/\/prenergy.es\/ca\/sobre-nosaltres\/"]}]},{"@type":"ImageObject","inLanguage":"ca","@id":"https:\/\/prenergy.es\/ca\/sobre-nosaltres\/#primaryimage","url":"https:\/\/prenergy.es\/wp-content\/uploads\/2023\/06\/02a16n9a.jpg","contentUrl":"https:\/\/prenergy.es\/wp-content\/uploads\/2023\/06\/02a16n9a.jpg","width":1613,"height":1080},{"@type":"BreadcrumbList","@id":"https:\/\/prenergy.es\/ca\/sobre-nosaltres\/#breadcrumb","itemListElement":[{"@type":"ListItem","position":1,"name":"Portada","item":"https:\/\/prenergy.es\/ca\/"},{"@type":"ListItem","position":2,"name":"SOBRE NOSALTRES"}]},{"@type":"WebSite","@id":"https:\/\/prenergy.es\/ca\/#website","url":"https:\/\/prenergy.es\/ca\/","name":"PRENERGY","description":"Prime Rubau Energy","potentialAction":[{"@type":"SearchAction","target":{"@type":"EntryPoint","urlTemplate":"https:\/\/prenergy.es\/ca\/?s={search_term_string}"},"query-input":{"@type":"PropertyValueSpecification","valueRequired":true,"valueName":"search_term_string"}}],"inLanguage":"ca"}]}},"jetpack_sharing_enabled":true,"_links":{"self":[{"href":"https:\/\/prenergy.es\/ca\/wp-json\/wp\/v2\/pages\/639","targetHints":{"allow":["GET"]}}],"collection":[{"href":"https:\/\/prenergy.es\/ca\/wp-json\/wp\/v2\/pages"}],"about":[{"href":"https:\/\/prenergy.es\/ca\/wp-json\/wp\/v2\/types\/page"}],"author":[{"embeddable":true,"href":"https:\/\/prenergy.es\/ca\/wp-json\/wp\/v2\/users\/1"}],"replies":[{"embeddable":true,"href":"https:\/\/prenergy.es\/ca\/wp-json\/wp\/v2\/comments?post=639"}],"version-history":[{"count":2,"href":"https:\/\/prenergy.es\/ca\/wp-json\/wp\/v2\/pages\/639\/revisions"}],"predecessor-version":[{"id":641,"href":"https:\/\/prenergy.es\/ca\/wp-json\/wp\/v2\/pages\/639\/revisions\/641"}],"wp:featuredmedia":[{"embeddable":true,"href":"https:\/\/prenergy.es\/ca\/wp-json\/wp\/v2\/media\/511"}],"wp:attachment":[{"href":"https:\/\/prenergy.es\/ca\/wp-json\/wp\/v2\/media?parent=639"}],"curies":[{"name":"wp","href":"https:\/\/api.w.org\/{rel}","templated":true}]}}